{"id":147585,"date":"2022-10-05T14:54:21","date_gmt":"2022-10-05T20:54:21","guid":{"rendered":"https:\/\/youthrisk.org\/?page_id=147585"},"modified":"2025-08-14T09:09:30","modified_gmt":"2025-08-14T15:09:30","slug":"roadshow-registration","status":"publish","type":"page","link":"https:\/\/youthrisk.org\/es\/roadshow-registration\/","title":{"rendered":"Registro de giras"},"content":{"rendered":"<div style=\"height:30px\" aria-hidden=\"true\" class=\"wp-block-spacer\"><\/div>\n\n\n\n<h1 class=\"wp-block-heading\">Registro de giras<\/h1>\n\n\n\n<p style=\"font-size:20px\">\u00danase a nosotros en nuestra serie de reuniones virtuales para analizar los resultados de la Encuesta sobre riesgo y resiliencia juvenil de Nuevo M\u00e9xico de 2023 (NM-YRRS). Cada reuni\u00f3n se centra en un tipo de resultado diferente. En la primavera, organizaremos una cantidad limitada de reuniones regionales en persona en todo el estado.<\/p>\n\n\n\n<p style=\"font-size:20px\">Estos<strong> presentaciones virtuales<\/strong> y las discusiones est\u00e1n dise\u00f1adas para cualquier persona interesada en la salud y el bienestar de los estudiantes en Nuevo M\u00e9xico, incluido el personal del distrito escolar, estudiantes, profesionales de la salud, padres y otros miembros de la comunidad.&nbsp;<\/p>\n\n\n\n<p class=\"has-luminous-vivid-orange-color has-text-color has-medium-font-size\"><strong>La fecha l\u00edmite para inscribirse en un Roadshow es el mediod\u00eda del d\u00eda en que se programe el Roadshow en particular al que se inscribe. Si se inscribe despu\u00e9s de las 12 del mediod\u00eda, no recibir\u00e1 un enlace de Zoom para asistir. <\/strong><\/p>\n\n\n\n\n\n\n<p><\/p>","protected":false},"excerpt":{"rendered":"<p>Roadshow Registration Join us for our series of virtual meetings to discuss results from the 2023 New Mexico Youth Risk &amp; Resiliency Survey (NM-YRRS).&nbsp; Each meeting focuses on a different type of outcome.&nbsp; In the spring, we will host a limited number of in-person regional meetings around the state. These virtual presentations and discussions are [&hellip;]<\/p>\n","protected":false},"author":1,"featured_media":0,"parent":0,"menu_order":0,"comment_status":"closed","ping_status":"closed","template":"","meta":{"_eb_attr":"","site-sidebar-layout":"default","site-content-layout":"","ast-site-content-layout":"default","site-content-style":"default","site-sidebar-style":"default","ast-global-header-display":"","ast-banner-title-visibility":"","ast-main-header-display":"","ast-hfb-above-header-display":"","ast-hfb-below-header-display":"","ast-hfb-mobile-header-display":"","site-post-title":"disabled","ast-breadcrumbs-content":"","ast-featured-img":"","footer-sml-layout":"","theme-transparent-header-meta":"","adv-header-id-meta":"","stick-header-meta":"","header-above-stick-meta":"","header-main-stick-meta":"","header-below-stick-meta":"","astra-migrate-meta-layouts":"set","ast-page-background-enabled":"default","ast-page-background-meta":{"desktop":{"background-color":"var(--ast-global-color-4)","background-image":"","background-repeat":"repeat","background-position":"center center","background-size":"auto","background-attachment":"scroll","background-type":"","background-media":"","overlay-type":"","overlay-color":"","overlay-opacity":"","overlay-gradient":""},"tablet":{"background-color":"","background-image":"","background-repeat":"repeat","background-position":"center center","background-size":"auto","background-attachment":"scroll","background-type":"","background-media":"","overlay-type":"","overlay-color":"","overlay-opacity":"","overlay-gradient":""},"mobile":{"background-color":"","background-image":"","background-repeat":"repeat","background-position":"center center","background-size":"auto","background-attachment":"scroll","background-type":"","background-media":"","overlay-type":"","overlay-color":"","overlay-opacity":"","overlay-gradient":""}},"ast-content-background-meta":{"desktop":{"background-color":"var(--ast-global-color-5)","background-image":"","background-repeat":"repeat","background-position":"center center","background-size":"auto","background-attachment":"scroll","background-type":"","background-media":"","overlay-type":"","overlay-color":"","overlay-opacity":"","overlay-gradient":""},"tablet":{"background-color":"var(--ast-global-color-5)","background-image":"","background-repeat":"repeat","background-position":"center center","background-size":"auto","background-attachment":"scroll","background-type":"","background-media":"","overlay-type":"","overlay-color":"","overlay-opacity":"","overlay-gradient":""},"mobile":{"background-color":"var(--ast-global-color-5)","background-image":"","background-repeat":"repeat","background-position":"center center","background-size":"auto","background-attachment":"scroll","background-type":"","background-media":"","overlay-type":"","overlay-color":"","overlay-opacity":"","overlay-gradient":""}},"footnotes":""},"categories":[],"tags":[101],"class_list":["post-147585","page","type-page","status-publish","hentry","tag-site-page"],"yoast_head":"<!-- This site is optimized with the Yoast SEO plugin v27.4 - https:\/\/yoast.com\/product\/yoast-seo-wordpress\/ -->\n<title>Roadshow Registration - New Mexico Youth Risk &amp; Resiliency Survey<\/title>\n<meta name=\"robots\" content=\"index, follow, max-snippet:-1, max-image-preview:large, max-video-preview:-1\" \/>\n<link rel=\"canonical\" href=\"https:\/\/youthrisk.org\/es\/roadshow-registration\/\" \/>\n<meta property=\"og:locale\" content=\"es_MX\" \/>\n<meta property=\"og:type\" content=\"article\" \/>\n<meta property=\"og:title\" content=\"Roadshow Registration - New Mexico Youth Risk &amp; Resiliency Survey\" \/>\n<meta property=\"og:description\" content=\"Roadshow Registration Join us for our series of virtual meetings to discuss results from the 2023 New Mexico Youth Risk &amp; Resiliency Survey (NM-YRRS).&nbsp; Each meeting focuses on a different type of outcome.&nbsp; In the spring, we will host a limited number of in-person regional meetings around the state. These virtual presentations and discussions are [&hellip;]\" \/>\n<meta property=\"og:url\" content=\"https:\/\/youthrisk.org\/es\/roadshow-registration\/\" \/>\n<meta property=\"og:site_name\" content=\"New Mexico Youth Risk &amp; Resiliency Survey\" \/>\n<meta property=\"article:modified_time\" content=\"2025-08-14T15:09:30+00:00\" \/>\n<meta name=\"twitter:card\" content=\"summary_large_image\" \/>\n<meta name=\"twitter:label1\" content=\"Tiempo de lectura\" \/>\n\t<meta name=\"twitter:data1\" content=\"1 minuto\" \/>\n<script type=\"application\/ld+json\" class=\"yoast-schema-graph\">{\"@context\":\"https:\\\/\\\/schema.org\",\"@graph\":[{\"@type\":\"WebPage\",\"@id\":\"https:\\\/\\\/youthrisk.org\\\/roadshow-registration\\\/\",\"url\":\"https:\\\/\\\/youthrisk.org\\\/roadshow-registration\\\/\",\"name\":\"Roadshow Registration - New Mexico Youth Risk &amp; Resiliency Survey\",\"isPartOf\":{\"@id\":\"https:\\\/\\\/youthrisk.org\\\/#website\"},\"datePublished\":\"2022-10-05T20:54:21+00:00\",\"dateModified\":\"2025-08-14T15:09:30+00:00\",\"breadcrumb\":{\"@id\":\"https:\\\/\\\/youthrisk.org\\\/roadshow-registration\\\/#breadcrumb\"},\"inLanguage\":\"es\",\"potentialAction\":[{\"@type\":\"ReadAction\",\"target\":[\"https:\\\/\\\/youthrisk.org\\\/roadshow-registration\\\/\"]}]},{\"@type\":\"BreadcrumbList\",\"@id\":\"https:\\\/\\\/youthrisk.org\\\/roadshow-registration\\\/#breadcrumb\",\"itemListElement\":[{\"@type\":\"ListItem\",\"position\":1,\"name\":\"Home\",\"item\":\"https:\\\/\\\/youthrisk.org\\\/\"},{\"@type\":\"ListItem\",\"position\":2,\"name\":\"Roadshow Registration\"}]},{\"@type\":\"WebSite\",\"@id\":\"https:\\\/\\\/youthrisk.org\\\/#website\",\"url\":\"https:\\\/\\\/youthrisk.org\\\/\",\"name\":\"New Mexico Youth Risk & Resiliency Survey\",\"description\":\"New Mexico Youth Risk &amp; Resiliency Survey\",\"publisher\":{\"@id\":\"https:\\\/\\\/youthrisk.org\\\/#organization\"},\"potentialAction\":[{\"@type\":\"SearchAction\",\"target\":{\"@type\":\"EntryPoint\",\"urlTemplate\":\"https:\\\/\\\/youthrisk.org\\\/?s={search_term_string}\"},\"query-input\":{\"@type\":\"PropertyValueSpecification\",\"valueRequired\":true,\"valueName\":\"search_term_string\"}}],\"inLanguage\":\"es\"},{\"@type\":\"Organization\",\"@id\":\"https:\\\/\\\/youthrisk.org\\\/#organization\",\"name\":\"New Mexico Youth Risk & Resiliency Survey\",\"url\":\"https:\\\/\\\/youthrisk.org\\\/\",\"logo\":{\"@type\":\"ImageObject\",\"inLanguage\":\"es\",\"@id\":\"https:\\\/\\\/youthrisk.org\\\/#\\\/schema\\\/logo\\\/image\\\/\",\"url\":\"https:\\\/\\\/youthrisk.org\\\/wp-content\\\/uploads\\\/2023\\\/04\\\/Asset-7nmyrrsLogo-e1681157016641.png\",\"contentUrl\":\"https:\\\/\\\/youthrisk.org\\\/wp-content\\\/uploads\\\/2023\\\/04\\\/Asset-7nmyrrsLogo-e1681157016641.png\",\"width\":1000,\"height\":261,\"caption\":\"New Mexico Youth Risk & Resiliency Survey\"},\"image\":{\"@id\":\"https:\\\/\\\/youthrisk.org\\\/#\\\/schema\\\/logo\\\/image\\\/\"}}]}<\/script>\n<!-- \/ Yoast SEO plugin. -->","yoast_head_json":{"title":"Registro para el Roadshow - Encuesta sobre Riesgo y Resiliencia Juvenil de Nuevo M\u00e9xico","robots":{"index":"index","follow":"follow","max-snippet":"max-snippet:-1","max-image-preview":"max-image-preview:large","max-video-preview":"max-video-preview:-1"},"canonical":"https:\/\/youthrisk.org\/es\/roadshow-registration\/","og_locale":"es_MX","og_type":"article","og_title":"Roadshow Registration - New Mexico Youth Risk &amp; Resiliency Survey","og_description":"Roadshow Registration Join us for our series of virtual meetings to discuss results from the 2023 New Mexico Youth Risk &amp; Resiliency Survey (NM-YRRS).&nbsp; Each meeting focuses on a different type of outcome.&nbsp; In the spring, we will host a limited number of in-person regional meetings around the state. These virtual presentations and discussions are [&hellip;]","og_url":"https:\/\/youthrisk.org\/es\/roadshow-registration\/","og_site_name":"New Mexico Youth Risk &amp; Resiliency Survey","article_modified_time":"2025-08-14T15:09:30+00:00","twitter_card":"summary_large_image","twitter_misc":{"Tiempo de lectura":"1 minuto"},"schema":{"@context":"https:\/\/schema.org","@graph":[{"@type":"WebPage","@id":"https:\/\/youthrisk.org\/roadshow-registration\/","url":"https:\/\/youthrisk.org\/roadshow-registration\/","name":"Registro para el Roadshow - Encuesta sobre Riesgo y Resiliencia Juvenil de Nuevo M\u00e9xico","isPartOf":{"@id":"https:\/\/youthrisk.org\/#website"},"datePublished":"2022-10-05T20:54:21+00:00","dateModified":"2025-08-14T15:09:30+00:00","breadcrumb":{"@id":"https:\/\/youthrisk.org\/roadshow-registration\/#breadcrumb"},"inLanguage":"es","potentialAction":[{"@type":"ReadAction","target":["https:\/\/youthrisk.org\/roadshow-registration\/"]}]},{"@type":"BreadcrumbList","@id":"https:\/\/youthrisk.org\/roadshow-registration\/#breadcrumb","itemListElement":[{"@type":"ListItem","position":1,"name":"Home","item":"https:\/\/youthrisk.org\/"},{"@type":"ListItem","position":2,"name":"Roadshow Registration"}]},{"@type":"WebSite","@id":"https:\/\/youthrisk.org\/#website","url":"https:\/\/youthrisk.org\/","name":"Encuesta de resiliencia y riesgo juvenil de Nuevo M\u00e9xico","description":"Encuesta sobre riesgo y resiliencia de los j\u00f3venes de Nuevo M\u00e9xico","publisher":{"@id":"https:\/\/youthrisk.org\/#organization"},"potentialAction":[{"@type":"SearchAction","target":{"@type":"EntryPoint","urlTemplate":"https:\/\/youthrisk.org\/?s={search_term_string}"},"query-input":{"@type":"PropertyValueSpecification","valueRequired":true,"valueName":"search_term_string"}}],"inLanguage":"es"},{"@type":"Organization","@id":"https:\/\/youthrisk.org\/#organization","name":"Encuesta de resiliencia y riesgo juvenil de Nuevo M\u00e9xico","url":"https:\/\/youthrisk.org\/","logo":{"@type":"ImageObject","inLanguage":"es","@id":"https:\/\/youthrisk.org\/#\/schema\/logo\/image\/","url":"https:\/\/youthrisk.org\/wp-content\/uploads\/2023\/04\/Asset-7nmyrrsLogo-e1681157016641.png","contentUrl":"https:\/\/youthrisk.org\/wp-content\/uploads\/2023\/04\/Asset-7nmyrrsLogo-e1681157016641.png","width":1000,"height":261,"caption":"New Mexico Youth Risk & Resiliency Survey"},"image":{"@id":"https:\/\/youthrisk.org\/#\/schema\/logo\/image\/"}}]}},"_links":{"self":[{"href":"https:\/\/youthrisk.org\/es\/wp-json\/wp\/v2\/pages\/147585","targetHints":{"allow":["GET"]}}],"collection":[{"href":"https:\/\/youthrisk.org\/es\/wp-json\/wp\/v2\/pages"}],"about":[{"href":"https:\/\/youthrisk.org\/es\/wp-json\/wp\/v2\/types\/page"}],"author":[{"embeddable":true,"href":"https:\/\/youthrisk.org\/es\/wp-json\/wp\/v2\/users\/1"}],"replies":[{"embeddable":true,"href":"https:\/\/youthrisk.org\/es\/wp-json\/wp\/v2\/comments?post=147585"}],"version-history":[{"count":3,"href":"https:\/\/youthrisk.org\/es\/wp-json\/wp\/v2\/pages\/147585\/revisions"}],"predecessor-version":[{"id":183605,"href":"https:\/\/youthrisk.org\/es\/wp-json\/wp\/v2\/pages\/147585\/revisions\/183605"}],"wp:attachment":[{"href":"https:\/\/youthrisk.org\/es\/wp-json\/wp\/v2\/media?parent=147585"}],"wp:term":[{"taxonomy":"category","embeddable":true,"href":"https:\/\/youthrisk.org\/es\/wp-json\/wp\/v2\/categories?post=147585"},{"taxonomy":"post_tag","embeddable":true,"href":"https:\/\/youthrisk.org\/es\/wp-json\/wp\/v2\/tags?post=147585"}],"curies":[{"name":"gracias","href":"https:\/\/api.w.org\/{rel}","templated":true}]}}