{"id":183343,"date":"2025-07-03T13:30:42","date_gmt":"2025-07-03T19:30:42","guid":{"rendered":"https:\/\/youthrisk.org\/?page_id=183343"},"modified":"2025-08-28T12:45:22","modified_gmt":"2025-08-28T18:45:22","slug":"2025-communication-package","status":"publish","type":"page","link":"https:\/\/youthrisk.org\/es\/resources\/2025-communication-package\/","title":{"rendered":"Paquete de comunicaci\u00f3n 2025"},"content":{"rendered":"<a class=\"fullscreen-mode\" href=\"https:\/\/youthrisk.org\/es\/pdfviewer\/2025-communication-package\/\" target=\"_blank\">Modo de pantalla completa<\/a><br><iframe loading=\"lazy\" class=\"pvfw-pdf-viewer-frame\" width=\"100%\" height=\"800\" src=\"https:\/\/youthrisk.org\/es\/pdfviewer\/2025-communication-package\/\" title=\"\"><\/iframe>\n\n\n\n<p><\/p>","protected":false},"excerpt":{"rendered":"","protected":false},"author":9,"featured_media":183691,"parent":31877,"menu_order":0,"comment_status":"closed","ping_status":"closed","template":"","meta":{"_eb_attr":"","site-sidebar-layout":"default","site-content-layout":"","ast-site-content-layout":"default","site-content-style":"default","site-sidebar-style":"default","ast-global-header-display":"","ast-banner-title-visibility":"","ast-main-header-display":"","ast-hfb-above-header-display":"","ast-hfb-below-header-display":"","ast-hfb-mobile-header-display":"","site-post-title":"","ast-breadcrumbs-content":"","ast-featured-img":"","footer-sml-layout":"","theme-transparent-header-meta":"","adv-header-id-meta":"","stick-header-meta":"","header-above-stick-meta":"","header-main-stick-meta":"","header-below-stick-meta":"","astra-migrate-meta-layouts":"set","ast-page-background-enabled":"default","ast-page-background-meta":{"desktop":{"background-color":"var(--ast-global-color-4)","background-image":"","background-repeat":"repeat","background-position":"center center","background-size":"auto","background-attachment":"scroll","background-type":"","background-media":"","overlay-type":"","overlay-color":"","overlay-opacity":"","overlay-gradient":""},"tablet":{"background-color":"","background-image":"","background-repeat":"repeat","background-position":"center center","background-size":"auto","background-attachment":"scroll","background-type":"","background-media":"","overlay-type":"","overlay-color":"","overlay-opacity":"","overlay-gradient":""},"mobile":{"background-color":"","background-image":"","background-repeat":"repeat","background-position":"center center","background-size":"auto","background-attachment":"scroll","background-type":"","background-media":"","overlay-type":"","overlay-color":"","overlay-opacity":"","overlay-gradient":""}},"ast-content-background-meta":{"desktop":{"background-color":"var(--ast-global-color-5)","background-image":"","background-repeat":"repeat","background-position":"center center","background-size":"auto","background-attachment":"scroll","background-type":"","background-media":"","overlay-type":"","overlay-color":"","overlay-opacity":"","overlay-gradient":""},"tablet":{"background-color":"var(--ast-global-color-5)","background-image":"","background-repeat":"repeat","background-position":"center center","background-size":"auto","background-attachment":"scroll","background-type":"","background-media":"","overlay-type":"","overlay-color":"","overlay-opacity":"","overlay-gradient":""},"mobile":{"background-color":"var(--ast-global-color-5)","background-image":"","background-repeat":"repeat","background-position":"center center","background-size":"auto","background-attachment":"scroll","background-type":"","background-media":"","overlay-type":"","overlay-color":"","overlay-opacity":"","overlay-gradient":""}},"footnotes":""},"categories":[],"tags":[141],"class_list":["post-183343","page","type-page","status-publish","has-post-thumbnail","hentry","tag-resources"],"yoast_head":"<!-- This site is optimized with the Yoast SEO plugin v27.4 - https:\/\/yoast.com\/product\/yoast-seo-wordpress\/ -->\n<title>2025 Communication Package - New Mexico Youth Risk &amp; Resiliency Survey<\/title>\n<meta name=\"robots\" content=\"index, follow, max-snippet:-1, max-image-preview:large, max-video-preview:-1\" \/>\n<link rel=\"canonical\" href=\"https:\/\/youthrisk.org\/es\/resources\/2025-communication-package\/\" \/>\n<meta property=\"og:locale\" content=\"es_MX\" \/>\n<meta property=\"og:type\" content=\"article\" \/>\n<meta property=\"og:title\" content=\"2025 Communication Package - New Mexico Youth Risk &amp; Resiliency Survey\" \/>\n<meta property=\"og:url\" content=\"https:\/\/youthrisk.org\/es\/resources\/2025-communication-package\/\" \/>\n<meta property=\"og:site_name\" content=\"New Mexico Youth Risk &amp; Resiliency Survey\" \/>\n<meta property=\"article:modified_time\" content=\"2025-08-28T18:45:22+00:00\" \/>\n<meta property=\"og:image\" content=\"https:\/\/youthrisk.org\/wp-content\/uploads\/2025\/08\/Communication-Plan-scaled.avif\" \/>\n\t<meta property=\"og:image:width\" content=\"2560\" \/>\n\t<meta property=\"og:image:height\" content=\"1707\" \/>\n\t<meta property=\"og:image:type\" content=\"image\/jpeg\" \/>\n<meta name=\"twitter:card\" content=\"summary_large_image\" \/>\n<meta name=\"twitter:label1\" content=\"Tiempo de lectura\" \/>\n\t<meta name=\"twitter:data1\" content=\"1 minuto\" \/>\n<script type=\"application\/ld+json\" class=\"yoast-schema-graph\">{\"@context\":\"https:\\\/\\\/schema.org\",\"@graph\":[{\"@type\":\"WebPage\",\"@id\":\"https:\\\/\\\/youthrisk.org\\\/resources\\\/2025-communication-package\\\/\",\"url\":\"https:\\\/\\\/youthrisk.org\\\/resources\\\/2025-communication-package\\\/\",\"name\":\"2025 Communication Package - New Mexico Youth Risk &amp; Resiliency Survey\",\"isPartOf\":{\"@id\":\"https:\\\/\\\/youthrisk.org\\\/#website\"},\"primaryImageOfPage\":{\"@id\":\"https:\\\/\\\/youthrisk.org\\\/resources\\\/2025-communication-package\\\/#primaryimage\"},\"image\":{\"@id\":\"https:\\\/\\\/youthrisk.org\\\/resources\\\/2025-communication-package\\\/#primaryimage\"},\"thumbnailUrl\":\"https:\\\/\\\/youthrisk.org\\\/wp-content\\\/uploads\\\/2025\\\/08\\\/Communication-Plan-scaled.avif\",\"datePublished\":\"2025-07-03T19:30:42+00:00\",\"dateModified\":\"2025-08-28T18:45:22+00:00\",\"breadcrumb\":{\"@id\":\"https:\\\/\\\/youthrisk.org\\\/resources\\\/2025-communication-package\\\/#breadcrumb\"},\"inLanguage\":\"es\",\"potentialAction\":[{\"@type\":\"ReadAction\",\"target\":[\"https:\\\/\\\/youthrisk.org\\\/resources\\\/2025-communication-package\\\/\"]}]},{\"@type\":\"ImageObject\",\"inLanguage\":\"es\",\"@id\":\"https:\\\/\\\/youthrisk.org\\\/resources\\\/2025-communication-package\\\/#primaryimage\",\"url\":\"https:\\\/\\\/youthrisk.org\\\/wp-content\\\/uploads\\\/2025\\\/08\\\/Communication-Plan-scaled.avif\",\"contentUrl\":\"https:\\\/\\\/youthrisk.org\\\/wp-content\\\/uploads\\\/2025\\\/08\\\/Communication-Plan-scaled.avif\",\"width\":2560,\"height\":1707},{\"@type\":\"BreadcrumbList\",\"@id\":\"https:\\\/\\\/youthrisk.org\\\/resources\\\/2025-communication-package\\\/#breadcrumb\",\"itemListElement\":[{\"@type\":\"ListItem\",\"position\":1,\"name\":\"Home\",\"item\":\"https:\\\/\\\/youthrisk.org\\\/\"},{\"@type\":\"ListItem\",\"position\":2,\"name\":\"Resources\",\"item\":\"https:\\\/\\\/youthrisk.org\\\/resources\\\/\"},{\"@type\":\"ListItem\",\"position\":3,\"name\":\"2025 Communication Package\"}]},{\"@type\":\"WebSite\",\"@id\":\"https:\\\/\\\/youthrisk.org\\\/#website\",\"url\":\"https:\\\/\\\/youthrisk.org\\\/\",\"name\":\"New Mexico Youth Risk & Resiliency Survey\",\"description\":\"New Mexico Youth Risk &amp; Resiliency Survey\",\"publisher\":{\"@id\":\"https:\\\/\\\/youthrisk.org\\\/#organization\"},\"potentialAction\":[{\"@type\":\"SearchAction\",\"target\":{\"@type\":\"EntryPoint\",\"urlTemplate\":\"https:\\\/\\\/youthrisk.org\\\/?s={search_term_string}\"},\"query-input\":{\"@type\":\"PropertyValueSpecification\",\"valueRequired\":true,\"valueName\":\"search_term_string\"}}],\"inLanguage\":\"es\"},{\"@type\":\"Organization\",\"@id\":\"https:\\\/\\\/youthrisk.org\\\/#organization\",\"name\":\"New Mexico Youth Risk & Resiliency Survey\",\"url\":\"https:\\\/\\\/youthrisk.org\\\/\",\"logo\":{\"@type\":\"ImageObject\",\"inLanguage\":\"es\",\"@id\":\"https:\\\/\\\/youthrisk.org\\\/#\\\/schema\\\/logo\\\/image\\\/\",\"url\":\"https:\\\/\\\/youthrisk.org\\\/wp-content\\\/uploads\\\/2023\\\/04\\\/Asset-7nmyrrsLogo-e1681157016641.png\",\"contentUrl\":\"https:\\\/\\\/youthrisk.org\\\/wp-content\\\/uploads\\\/2023\\\/04\\\/Asset-7nmyrrsLogo-e1681157016641.png\",\"width\":1000,\"height\":261,\"caption\":\"New Mexico Youth Risk & Resiliency Survey\"},\"image\":{\"@id\":\"https:\\\/\\\/youthrisk.org\\\/#\\\/schema\\\/logo\\\/image\\\/\"}}]}<\/script>\n<!-- \/ Yoast SEO plugin. -->","yoast_head_json":{"title":"2025 Communication Package - New Mexico Youth Risk &amp; Resiliency Survey","robots":{"index":"index","follow":"follow","max-snippet":"max-snippet:-1","max-image-preview":"max-image-preview:large","max-video-preview":"max-video-preview:-1"},"canonical":"https:\/\/youthrisk.org\/es\/resources\/2025-communication-package\/","og_locale":"es_MX","og_type":"article","og_title":"2025 Communication Package - New Mexico Youth Risk &amp; Resiliency Survey","og_url":"https:\/\/youthrisk.org\/es\/resources\/2025-communication-package\/","og_site_name":"New Mexico Youth Risk &amp; Resiliency Survey","article_modified_time":"2025-08-28T18:45:22+00:00","og_image":[{"width":2560,"height":1707,"url":"https:\/\/youthrisk.org\/wp-content\/uploads\/2025\/08\/Communication-Plan-scaled.avif","type":"image\/jpeg"}],"twitter_card":"summary_large_image","twitter_misc":{"Tiempo de lectura":"1 minuto"},"schema":{"@context":"https:\/\/schema.org","@graph":[{"@type":"WebPage","@id":"https:\/\/youthrisk.org\/resources\/2025-communication-package\/","url":"https:\/\/youthrisk.org\/resources\/2025-communication-package\/","name":"2025 Communication Package - New Mexico Youth Risk &amp; Resiliency Survey","isPartOf":{"@id":"https:\/\/youthrisk.org\/#website"},"primaryImageOfPage":{"@id":"https:\/\/youthrisk.org\/resources\/2025-communication-package\/#primaryimage"},"image":{"@id":"https:\/\/youthrisk.org\/resources\/2025-communication-package\/#primaryimage"},"thumbnailUrl":"https:\/\/youthrisk.org\/wp-content\/uploads\/2025\/08\/Communication-Plan-scaled.avif","datePublished":"2025-07-03T19:30:42+00:00","dateModified":"2025-08-28T18:45:22+00:00","breadcrumb":{"@id":"https:\/\/youthrisk.org\/resources\/2025-communication-package\/#breadcrumb"},"inLanguage":"es","potentialAction":[{"@type":"ReadAction","target":["https:\/\/youthrisk.org\/resources\/2025-communication-package\/"]}]},{"@type":"ImageObject","inLanguage":"es","@id":"https:\/\/youthrisk.org\/resources\/2025-communication-package\/#primaryimage","url":"https:\/\/youthrisk.org\/wp-content\/uploads\/2025\/08\/Communication-Plan-scaled.avif","contentUrl":"https:\/\/youthrisk.org\/wp-content\/uploads\/2025\/08\/Communication-Plan-scaled.avif","width":2560,"height":1707},{"@type":"BreadcrumbList","@id":"https:\/\/youthrisk.org\/resources\/2025-communication-package\/#breadcrumb","itemListElement":[{"@type":"ListItem","position":1,"name":"Home","item":"https:\/\/youthrisk.org\/"},{"@type":"ListItem","position":2,"name":"Resources","item":"https:\/\/youthrisk.org\/resources\/"},{"@type":"ListItem","position":3,"name":"2025 Communication Package"}]},{"@type":"WebSite","@id":"https:\/\/youthrisk.org\/#website","url":"https:\/\/youthrisk.org\/","name":"Encuesta de resiliencia y riesgo juvenil de Nuevo M\u00e9xico","description":"Encuesta sobre riesgo y resiliencia de los j\u00f3venes de Nuevo M\u00e9xico","publisher":{"@id":"https:\/\/youthrisk.org\/#organization"},"potentialAction":[{"@type":"SearchAction","target":{"@type":"EntryPoint","urlTemplate":"https:\/\/youthrisk.org\/?s={search_term_string}"},"query-input":{"@type":"PropertyValueSpecification","valueRequired":true,"valueName":"search_term_string"}}],"inLanguage":"es"},{"@type":"Organization","@id":"https:\/\/youthrisk.org\/#organization","name":"Encuesta de resiliencia y riesgo juvenil de Nuevo M\u00e9xico","url":"https:\/\/youthrisk.org\/","logo":{"@type":"ImageObject","inLanguage":"es","@id":"https:\/\/youthrisk.org\/#\/schema\/logo\/image\/","url":"https:\/\/youthrisk.org\/wp-content\/uploads\/2023\/04\/Asset-7nmyrrsLogo-e1681157016641.png","contentUrl":"https:\/\/youthrisk.org\/wp-content\/uploads\/2023\/04\/Asset-7nmyrrsLogo-e1681157016641.png","width":1000,"height":261,"caption":"New Mexico Youth Risk & Resiliency Survey"},"image":{"@id":"https:\/\/youthrisk.org\/#\/schema\/logo\/image\/"}}]}},"_links":{"self":[{"href":"https:\/\/youthrisk.org\/es\/wp-json\/wp\/v2\/pages\/183343","targetHints":{"allow":["GET"]}}],"collection":[{"href":"https:\/\/youthrisk.org\/es\/wp-json\/wp\/v2\/pages"}],"about":[{"href":"https:\/\/youthrisk.org\/es\/wp-json\/wp\/v2\/types\/page"}],"author":[{"embeddable":true,"href":"https:\/\/youthrisk.org\/es\/wp-json\/wp\/v2\/users\/9"}],"replies":[{"embeddable":true,"href":"https:\/\/youthrisk.org\/es\/wp-json\/wp\/v2\/comments?post=183343"}],"version-history":[{"count":1,"href":"https:\/\/youthrisk.org\/es\/wp-json\/wp\/v2\/pages\/183343\/revisions"}],"predecessor-version":[{"id":183344,"href":"https:\/\/youthrisk.org\/es\/wp-json\/wp\/v2\/pages\/183343\/revisions\/183344"}],"up":[{"embeddable":true,"href":"https:\/\/youthrisk.org\/es\/wp-json\/wp\/v2\/pages\/31877"}],"wp:featuredmedia":[{"embeddable":true,"href":"https:\/\/youthrisk.org\/es\/wp-json\/wp\/v2\/media\/183691"}],"wp:attachment":[{"href":"https:\/\/youthrisk.org\/es\/wp-json\/wp\/v2\/media?parent=183343"}],"wp:term":[{"taxonomy":"category","embeddable":true,"href":"https:\/\/youthrisk.org\/es\/wp-json\/wp\/v2\/categories?post=183343"},{"taxonomy":"post_tag","embeddable":true,"href":"https:\/\/youthrisk.org\/es\/wp-json\/wp\/v2\/tags?post=183343"}],"curies":[{"name":"gracias","href":"https:\/\/api.w.org\/{rel}","templated":true}]}}