{"id":183345,"date":"2025-07-03T13:32:56","date_gmt":"2025-07-03T19:32:56","guid":{"rendered":"https:\/\/youthrisk.org\/?page_id=183345"},"modified":"2025-08-28T12:31:06","modified_gmt":"2025-08-28T18:31:06","slug":"here-comes-the-2025-nm-yrrs-english","status":"publish","type":"page","link":"https:\/\/youthrisk.org\/es\/resources\/here-comes-the-2025-nm-yrrs-english\/","title":{"rendered":"Llega el NM-YRRS 2025 \u2013 Ingl\u00e9s"},"content":{"rendered":"<a class=\"fullscreen-mode\" href=\"https:\/\/youthrisk.org\/es\/pdfviewer\/here-comes-the-2025-nm-yrrs-english\/\" target=\"_blank\">Modo de pantalla completa<\/a><br><iframe loading=\"lazy\" class=\"pvfw-pdf-viewer-frame\" width=\"100%\" height=\"800\" src=\"https:\/\/youthrisk.org\/es\/pdfviewer\/here-comes-the-2025-nm-yrrs-english\/\" title=\"\"><\/iframe>\n\n\n\n<p><\/p>","protected":false},"excerpt":{"rendered":"","protected":false},"author":9,"featured_media":183612,"parent":31877,"menu_order":0,"comment_status":"closed","ping_status":"closed","template":"","meta":{"_eb_attr":"","site-sidebar-layout":"default","site-content-layout":"","ast-site-content-layout":"default","site-content-style":"default","site-sidebar-style":"default","ast-global-header-display":"","ast-banner-title-visibility":"","ast-main-header-display":"","ast-hfb-above-header-display":"","ast-hfb-below-header-display":"","ast-hfb-mobile-header-display":"","site-post-title":"","ast-breadcrumbs-content":"","ast-featured-img":"","footer-sml-layout":"","theme-transparent-header-meta":"","adv-header-id-meta":"","stick-header-meta":"","header-above-stick-meta":"","header-main-stick-meta":"","header-below-stick-meta":"","astra-migrate-meta-layouts":"set","ast-page-background-enabled":"default","ast-page-background-meta":{"desktop":{"background-color":"var(--ast-global-color-4)","background-image":"","background-repeat":"repeat","background-position":"center center","background-size":"auto","background-attachment":"scroll","background-type":"","background-media":"","overlay-type":"","overlay-color":"","overlay-opacity":"","overlay-gradient":""},"tablet":{"background-color":"","background-image":"","background-repeat":"repeat","background-position":"center center","background-size":"auto","background-attachment":"scroll","background-type":"","background-media":"","overlay-type":"","overlay-color":"","overlay-opacity":"","overlay-gradient":""},"mobile":{"background-color":"","background-image":"","background-repeat":"repeat","background-position":"center center","background-size":"auto","background-attachment":"scroll","background-type":"","background-media":"","overlay-type":"","overlay-color":"","overlay-opacity":"","overlay-gradient":""}},"ast-content-background-meta":{"desktop":{"background-color":"var(--ast-global-color-5)","background-image":"","background-repeat":"repeat","background-position":"center center","background-size":"auto","background-attachment":"scroll","background-type":"","background-media":"","overlay-type":"","overlay-color":"","overlay-opacity":"","overlay-gradient":""},"tablet":{"background-color":"var(--ast-global-color-5)","background-image":"","background-repeat":"repeat","background-position":"center center","background-size":"auto","background-attachment":"scroll","background-type":"","background-media":"","overlay-type":"","overlay-color":"","overlay-opacity":"","overlay-gradient":""},"mobile":{"background-color":"var(--ast-global-color-5)","background-image":"","background-repeat":"repeat","background-position":"center center","background-size":"auto","background-attachment":"scroll","background-type":"","background-media":"","overlay-type":"","overlay-color":"","overlay-opacity":"","overlay-gradient":""}},"footnotes":""},"categories":[],"tags":[141],"class_list":["post-183345","page","type-page","status-publish","has-post-thumbnail","hentry","tag-resources"],"yoast_head":"<!-- This site is optimized with the Yoast SEO plugin v27.4 - https:\/\/yoast.com\/product\/yoast-seo-wordpress\/ -->\n<title>Here Comes the 2025 NM-YRRS - English - New Mexico Youth Risk &amp; Resiliency Survey<\/title>\n<meta name=\"robots\" content=\"index, follow, max-snippet:-1, max-image-preview:large, max-video-preview:-1\" \/>\n<link rel=\"canonical\" href=\"https:\/\/youthrisk.org\/es\/resources\/here-comes-the-2025-nm-yrrs-english\/\" \/>\n<meta property=\"og:locale\" content=\"es_MX\" \/>\n<meta property=\"og:type\" content=\"article\" \/>\n<meta property=\"og:title\" content=\"Here Comes the 2025 NM-YRRS - English - New Mexico Youth Risk &amp; Resiliency Survey\" \/>\n<meta property=\"og:url\" content=\"https:\/\/youthrisk.org\/es\/resources\/here-comes-the-2025-nm-yrrs-english\/\" \/>\n<meta property=\"og:site_name\" content=\"New Mexico Youth Risk &amp; Resiliency Survey\" \/>\n<meta property=\"article:modified_time\" content=\"2025-08-28T18:31:06+00:00\" \/>\n<meta property=\"og:image\" content=\"https:\/\/youthrisk.org\/wp-content\/uploads\/2025\/08\/HC2025NM-YRRS-EN-e1755205560515.avif\" \/>\n\t<meta property=\"og:image:width\" content=\"500\" \/>\n\t<meta property=\"og:image:height\" content=\"499\" \/>\n\t<meta property=\"og:image:type\" content=\"image\/png\" \/>\n<meta name=\"twitter:card\" content=\"summary_large_image\" \/>\n<meta name=\"twitter:label1\" content=\"Tiempo de lectura\" \/>\n\t<meta name=\"twitter:data1\" content=\"1 minuto\" \/>\n<script type=\"application\/ld+json\" class=\"yoast-schema-graph\">{\"@context\":\"https:\\\/\\\/schema.org\",\"@graph\":[{\"@type\":\"WebPage\",\"@id\":\"https:\\\/\\\/youthrisk.org\\\/resources\\\/here-comes-the-2025-nm-yrrs-english\\\/\",\"url\":\"https:\\\/\\\/youthrisk.org\\\/resources\\\/here-comes-the-2025-nm-yrrs-english\\\/\",\"name\":\"Here Comes the 2025 NM-YRRS - English - New Mexico Youth Risk &amp; Resiliency Survey\",\"isPartOf\":{\"@id\":\"https:\\\/\\\/youthrisk.org\\\/#website\"},\"primaryImageOfPage\":{\"@id\":\"https:\\\/\\\/youthrisk.org\\\/resources\\\/here-comes-the-2025-nm-yrrs-english\\\/#primaryimage\"},\"image\":{\"@id\":\"https:\\\/\\\/youthrisk.org\\\/resources\\\/here-comes-the-2025-nm-yrrs-english\\\/#primaryimage\"},\"thumbnailUrl\":\"https:\\\/\\\/youthrisk.org\\\/wp-content\\\/uploads\\\/2025\\\/08\\\/HC2025NM-YRRS-EN-e1755205560515.avif\",\"datePublished\":\"2025-07-03T19:32:56+00:00\",\"dateModified\":\"2025-08-28T18:31:06+00:00\",\"breadcrumb\":{\"@id\":\"https:\\\/\\\/youthrisk.org\\\/resources\\\/here-comes-the-2025-nm-yrrs-english\\\/#breadcrumb\"},\"inLanguage\":\"es\",\"potentialAction\":[{\"@type\":\"ReadAction\",\"target\":[\"https:\\\/\\\/youthrisk.org\\\/resources\\\/here-comes-the-2025-nm-yrrs-english\\\/\"]}]},{\"@type\":\"ImageObject\",\"inLanguage\":\"es\",\"@id\":\"https:\\\/\\\/youthrisk.org\\\/resources\\\/here-comes-the-2025-nm-yrrs-english\\\/#primaryimage\",\"url\":\"https:\\\/\\\/youthrisk.org\\\/wp-content\\\/uploads\\\/2025\\\/08\\\/HC2025NM-YRRS-EN-e1755205560515.avif\",\"contentUrl\":\"https:\\\/\\\/youthrisk.org\\\/wp-content\\\/uploads\\\/2025\\\/08\\\/HC2025NM-YRRS-EN-e1755205560515.avif\",\"width\":500,\"height\":499},{\"@type\":\"BreadcrumbList\",\"@id\":\"https:\\\/\\\/youthrisk.org\\\/resources\\\/here-comes-the-2025-nm-yrrs-english\\\/#breadcrumb\",\"itemListElement\":[{\"@type\":\"ListItem\",\"position\":1,\"name\":\"Home\",\"item\":\"https:\\\/\\\/youthrisk.org\\\/\"},{\"@type\":\"ListItem\",\"position\":2,\"name\":\"Resources\",\"item\":\"https:\\\/\\\/youthrisk.org\\\/resources\\\/\"},{\"@type\":\"ListItem\",\"position\":3,\"name\":\"Here Comes the 2025 NM-YRRS &#8211; English\"}]},{\"@type\":\"WebSite\",\"@id\":\"https:\\\/\\\/youthrisk.org\\\/#website\",\"url\":\"https:\\\/\\\/youthrisk.org\\\/\",\"name\":\"New Mexico Youth Risk & Resiliency Survey\",\"description\":\"New Mexico Youth Risk &amp; Resiliency Survey\",\"publisher\":{\"@id\":\"https:\\\/\\\/youthrisk.org\\\/#organization\"},\"potentialAction\":[{\"@type\":\"SearchAction\",\"target\":{\"@type\":\"EntryPoint\",\"urlTemplate\":\"https:\\\/\\\/youthrisk.org\\\/?s={search_term_string}\"},\"query-input\":{\"@type\":\"PropertyValueSpecification\",\"valueRequired\":true,\"valueName\":\"search_term_string\"}}],\"inLanguage\":\"es\"},{\"@type\":\"Organization\",\"@id\":\"https:\\\/\\\/youthrisk.org\\\/#organization\",\"name\":\"New Mexico Youth Risk & Resiliency Survey\",\"url\":\"https:\\\/\\\/youthrisk.org\\\/\",\"logo\":{\"@type\":\"ImageObject\",\"inLanguage\":\"es\",\"@id\":\"https:\\\/\\\/youthrisk.org\\\/#\\\/schema\\\/logo\\\/image\\\/\",\"url\":\"https:\\\/\\\/youthrisk.org\\\/wp-content\\\/uploads\\\/2023\\\/04\\\/Asset-7nmyrrsLogo-e1681157016641.png\",\"contentUrl\":\"https:\\\/\\\/youthrisk.org\\\/wp-content\\\/uploads\\\/2023\\\/04\\\/Asset-7nmyrrsLogo-e1681157016641.png\",\"width\":1000,\"height\":261,\"caption\":\"New Mexico Youth Risk & Resiliency Survey\"},\"image\":{\"@id\":\"https:\\\/\\\/youthrisk.org\\\/#\\\/schema\\\/logo\\\/image\\\/\"}}]}<\/script>\n<!-- \/ Yoast SEO plugin. -->","yoast_head_json":{"title":"Here Comes the 2025 NM-YRRS - English - New Mexico Youth Risk &amp; Resiliency Survey","robots":{"index":"index","follow":"follow","max-snippet":"max-snippet:-1","max-image-preview":"max-image-preview:large","max-video-preview":"max-video-preview:-1"},"canonical":"https:\/\/youthrisk.org\/es\/resources\/here-comes-the-2025-nm-yrrs-english\/","og_locale":"es_MX","og_type":"article","og_title":"Here Comes the 2025 NM-YRRS - English - New Mexico Youth Risk &amp; Resiliency Survey","og_url":"https:\/\/youthrisk.org\/es\/resources\/here-comes-the-2025-nm-yrrs-english\/","og_site_name":"New Mexico Youth Risk &amp; Resiliency Survey","article_modified_time":"2025-08-28T18:31:06+00:00","og_image":[{"width":500,"height":499,"url":"https:\/\/youthrisk.org\/wp-content\/uploads\/2025\/08\/HC2025NM-YRRS-EN-e1755205560515.avif","type":"image\/png"}],"twitter_card":"summary_large_image","twitter_misc":{"Tiempo de lectura":"1 minuto"},"schema":{"@context":"https:\/\/schema.org","@graph":[{"@type":"WebPage","@id":"https:\/\/youthrisk.org\/resources\/here-comes-the-2025-nm-yrrs-english\/","url":"https:\/\/youthrisk.org\/resources\/here-comes-the-2025-nm-yrrs-english\/","name":"Here Comes the 2025 NM-YRRS - English - New Mexico Youth Risk &amp; Resiliency Survey","isPartOf":{"@id":"https:\/\/youthrisk.org\/#website"},"primaryImageOfPage":{"@id":"https:\/\/youthrisk.org\/resources\/here-comes-the-2025-nm-yrrs-english\/#primaryimage"},"image":{"@id":"https:\/\/youthrisk.org\/resources\/here-comes-the-2025-nm-yrrs-english\/#primaryimage"},"thumbnailUrl":"https:\/\/youthrisk.org\/wp-content\/uploads\/2025\/08\/HC2025NM-YRRS-EN-e1755205560515.avif","datePublished":"2025-07-03T19:32:56+00:00","dateModified":"2025-08-28T18:31:06+00:00","breadcrumb":{"@id":"https:\/\/youthrisk.org\/resources\/here-comes-the-2025-nm-yrrs-english\/#breadcrumb"},"inLanguage":"es","potentialAction":[{"@type":"ReadAction","target":["https:\/\/youthrisk.org\/resources\/here-comes-the-2025-nm-yrrs-english\/"]}]},{"@type":"ImageObject","inLanguage":"es","@id":"https:\/\/youthrisk.org\/resources\/here-comes-the-2025-nm-yrrs-english\/#primaryimage","url":"https:\/\/youthrisk.org\/wp-content\/uploads\/2025\/08\/HC2025NM-YRRS-EN-e1755205560515.avif","contentUrl":"https:\/\/youthrisk.org\/wp-content\/uploads\/2025\/08\/HC2025NM-YRRS-EN-e1755205560515.avif","width":500,"height":499},{"@type":"BreadcrumbList","@id":"https:\/\/youthrisk.org\/resources\/here-comes-the-2025-nm-yrrs-english\/#breadcrumb","itemListElement":[{"@type":"ListItem","position":1,"name":"Home","item":"https:\/\/youthrisk.org\/"},{"@type":"ListItem","position":2,"name":"Resources","item":"https:\/\/youthrisk.org\/resources\/"},{"@type":"ListItem","position":3,"name":"Here Comes the 2025 NM-YRRS &#8211; English"}]},{"@type":"WebSite","@id":"https:\/\/youthrisk.org\/#website","url":"https:\/\/youthrisk.org\/","name":"Encuesta de resiliencia y riesgo juvenil de Nuevo M\u00e9xico","description":"Encuesta sobre riesgo y resiliencia de los j\u00f3venes de Nuevo M\u00e9xico","publisher":{"@id":"https:\/\/youthrisk.org\/#organization"},"potentialAction":[{"@type":"SearchAction","target":{"@type":"EntryPoint","urlTemplate":"https:\/\/youthrisk.org\/?s={search_term_string}"},"query-input":{"@type":"PropertyValueSpecification","valueRequired":true,"valueName":"search_term_string"}}],"inLanguage":"es"},{"@type":"Organization","@id":"https:\/\/youthrisk.org\/#organization","name":"Encuesta de resiliencia y riesgo juvenil de Nuevo M\u00e9xico","url":"https:\/\/youthrisk.org\/","logo":{"@type":"ImageObject","inLanguage":"es","@id":"https:\/\/youthrisk.org\/#\/schema\/logo\/image\/","url":"https:\/\/youthrisk.org\/wp-content\/uploads\/2023\/04\/Asset-7nmyrrsLogo-e1681157016641.png","contentUrl":"https:\/\/youthrisk.org\/wp-content\/uploads\/2023\/04\/Asset-7nmyrrsLogo-e1681157016641.png","width":1000,"height":261,"caption":"New Mexico Youth Risk & Resiliency Survey"},"image":{"@id":"https:\/\/youthrisk.org\/#\/schema\/logo\/image\/"}}]}},"_links":{"self":[{"href":"https:\/\/youthrisk.org\/es\/wp-json\/wp\/v2\/pages\/183345","targetHints":{"allow":["GET"]}}],"collection":[{"href":"https:\/\/youthrisk.org\/es\/wp-json\/wp\/v2\/pages"}],"about":[{"href":"https:\/\/youthrisk.org\/es\/wp-json\/wp\/v2\/types\/page"}],"author":[{"embeddable":true,"href":"https:\/\/youthrisk.org\/es\/wp-json\/wp\/v2\/users\/9"}],"replies":[{"embeddable":true,"href":"https:\/\/youthrisk.org\/es\/wp-json\/wp\/v2\/comments?post=183345"}],"version-history":[{"count":1,"href":"https:\/\/youthrisk.org\/es\/wp-json\/wp\/v2\/pages\/183345\/revisions"}],"predecessor-version":[{"id":183346,"href":"https:\/\/youthrisk.org\/es\/wp-json\/wp\/v2\/pages\/183345\/revisions\/183346"}],"up":[{"embeddable":true,"href":"https:\/\/youthrisk.org\/es\/wp-json\/wp\/v2\/pages\/31877"}],"wp:featuredmedia":[{"embeddable":true,"href":"https:\/\/youthrisk.org\/es\/wp-json\/wp\/v2\/media\/183612"}],"wp:attachment":[{"href":"https:\/\/youthrisk.org\/es\/wp-json\/wp\/v2\/media?parent=183345"}],"wp:term":[{"taxonomy":"category","embeddable":true,"href":"https:\/\/youthrisk.org\/es\/wp-json\/wp\/v2\/categories?post=183345"},{"taxonomy":"post_tag","embeddable":true,"href":"https:\/\/youthrisk.org\/es\/wp-json\/wp\/v2\/tags?post=183345"}],"curies":[{"name":"gracias","href":"https:\/\/api.w.org\/{rel}","templated":true}]}}