{"id":2518,"date":"2021-09-14T21:28:53","date_gmt":"2021-09-15T03:28:53","guid":{"rendered":"https:\/\/youthrisk.org\/newSite\/?page_id=2518"},"modified":"2021-10-29T09:46:45","modified_gmt":"2021-10-29T15:46:45","slug":"school-health-profiles","status":"publish","type":"page","link":"https:\/\/youthrisk.org\/es\/data-collection\/school-health-profiles\/","title":{"rendered":"Perfiles de salud escolar"},"content":{"rendered":"<p><\/p>\n\n\n\n<div class=\"wp-block-columns is-layout-flex wp-container-core-columns-is-layout-28f84493 wp-block-columns-is-layout-flex\">\n<div class=\"wp-block-column is-layout-flow wp-block-column-is-layout-flow\">\n<div class=\"wp-block-media-text alignwide has-media-on-the-right is-stacked-on-mobile is-vertically-aligned-top\" style=\"grid-template-columns:auto 61%\"><figure class=\"wp-block-media-text__media\"><img loading=\"lazy\" decoding=\"async\" width=\"1024\" height=\"683\" src=\"https:\/\/youthrisk.org\/wp-content\/uploads\/2021\/09\/nmyrrs_teensOnWall-1024x683.jpeg\" alt=\"\" class=\"wp-image-4612 size-medium\" srcset=\"https:\/\/youthrisk.org\/wp-content\/uploads\/2021\/09\/nmyrrs_teensOnWall-1024x683.jpeg 1024w, https:\/\/youthrisk.org\/wp-content\/uploads\/2021\/09\/nmyrrs_teensOnWall-300x200.jpeg 300w, https:\/\/youthrisk.org\/wp-content\/uploads\/2021\/09\/nmyrrs_teensOnWall-768x512.jpeg 768w\" sizes=\"auto, (max-width: 1024px) 100vw, 1024px\" \/><\/figure><div class=\"wp-block-media-text__content\">\n<h4 class=\"wp-block-heading\"><meta charset=\"utf-8\">\u00bfQu\u00e9 son los \u201cPerfiles de Salud Escolar\u201d?<\/h4>\n\n\n\n<p><\/p>\n\n\n\n<p class=\"has-medium-font-size\">En colaboraci\u00f3n con las agencias de educaci\u00f3n y salud estatales y locales, los Centros para el Control y la Prevenci\u00f3n de Enfermedades (CDC) desarrollaron los Perfiles de salud escolar (Perfiles) para medir la implementaci\u00f3n de pol\u00edticas y pr\u00e1cticas escolares que ayudan a mejorar la salud de los j\u00f3venes en edad escolar. Los perfiles se han llevado a cabo desde 1996 en la mayor\u00eda de los estados de los EE. UU., los directores y los maestros principales de educaci\u00f3n para la salud en las escuelas intermedias y secundarias completan las encuestas.&nbsp;<\/p>\n\n\n\n<p class=\"has-medium-font-size\">Profiles ayuda a monitorear las caracter\u00edsticas y tendencias en la educaci\u00f3n en salud escolar; educaci\u00f3n f\u00edsica y actividad f\u00edsica; pr\u00e1cticas relacionadas con la intimidaci\u00f3n y el acoso sexual; pol\u00edticas de salud escolar relacionadas con la prevenci\u00f3n del tabaquismo y la nutrici\u00f3n; servicios de salud en las escuelas; compromiso familiar y participaci\u00f3n comunitaria; y coordinaci\u00f3n de salud escolar.<\/p>\n<\/div><\/div>\n\n\n\n<p class=\"has-medium-font-size\">En Nuevo M\u00e9xico, se incluye una muestra de escuelas en la encuesta para producir una muestra representativa de las escuelas p\u00fablicas que atienden a estudiantes en los grados 6 a 12. Los directores y los maestros principales de educaci\u00f3n para la salud completan la encuesta en l\u00ednea en enero o febrero de los a\u00f1os pares.<\/p>\n<\/div>\n<\/div>\n\n\n\n<h4 class=\"wp-block-heading\">\u00bfC\u00f3mo se administra la encuesta \u201cPerfiles de Salud Escolar\u201d?<\/h4>\n\n\n\n<p><\/p>\n\n\n\n<p class=\"has-medium-font-size\">La encuesta School Health Profiles (Perfiles) se administra en enero y febrero en a\u00f1os pares. Los directores y maestros principales de educaci\u00f3n para la salud de escuelas intermedias y secundarias seleccionadas completan la encuesta en l\u00ednea. Completar la encuesta es voluntario, pero no es an\u00f3nimo: todas las respuestas est\u00e1n asociadas con una escuela en particular. &nbsp;<\/p>\n\n\n\n<div style=\"height:100px\" aria-hidden=\"true\" class=\"wp-block-spacer\"><\/div>","protected":false},"excerpt":{"rendered":"<p>What is the &#8220;School Health Profiles?&#8221; In collaboration with state and local education and health agencies, the Centers for Disease Control and Prevention (CDC) developed the School Health Profiles (Profiles) to measure the implementation of school policies and practices that help improve the health of school-aged youth.&nbsp; Profiles has been conducted since 1996 in most [&hellip;]<\/p>\n","protected":false},"author":1,"featured_media":0,"parent":1305,"menu_order":0,"comment_status":"closed","ping_status":"closed","template":"","meta":{"_eb_attr":"","site-sidebar-layout":"default","site-content-layout":"default","ast-site-content-layout":"","site-content-style":"default","site-sidebar-style":"default","ast-global-header-display":"","ast-banner-title-visibility":"","ast-main-header-display":"","ast-hfb-above-header-display":"","ast-hfb-below-header-display":"","ast-hfb-mobile-header-display":"","site-post-title":"","ast-breadcrumbs-content":"","ast-featured-img":"","footer-sml-layout":"","theme-transparent-header-meta":"default","adv-header-id-meta":"","stick-header-meta":"","header-above-stick-meta":"","header-main-stick-meta":"","header-below-stick-meta":"","astra-migrate-meta-layouts":"default","ast-page-background-enabled":"default","ast-page-background-meta":{"desktop":{"background-color":"var(--ast-global-color-4)","background-image":"","background-repeat":"repeat","background-position":"center center","background-size":"auto","background-attachment":"scroll","background-type":"","background-media":"","overlay-type":"","overlay-color":"","overlay-opacity":"","overlay-gradient":""},"tablet":{"background-color":"","background-image":"","background-repeat":"repeat","background-position":"center center","background-size":"auto","background-attachment":"scroll","background-type":"","background-media":"","overlay-type":"","overlay-color":"","overlay-opacity":"","overlay-gradient":""},"mobile":{"background-color":"","background-image":"","background-repeat":"repeat","background-position":"center center","background-size":"auto","background-attachment":"scroll","background-type":"","background-media":"","overlay-type":"","overlay-color":"","overlay-opacity":"","overlay-gradient":""}},"ast-content-background-meta":{"desktop":{"background-color":"var(--ast-global-color-5)","background-image":"","background-repeat":"repeat","background-position":"center center","background-size":"auto","background-attachment":"scroll","background-type":"","background-media":"","overlay-type":"","overlay-color":"","overlay-opacity":"","overlay-gradient":""},"tablet":{"background-color":"var(--ast-global-color-5)","background-image":"","background-repeat":"repeat","background-position":"center center","background-size":"auto","background-attachment":"scroll","background-type":"","background-media":"","overlay-type":"","overlay-color":"","overlay-opacity":"","overlay-gradient":""},"mobile":{"background-color":"var(--ast-global-color-5)","background-image":"","background-repeat":"repeat","background-position":"center center","background-size":"auto","background-attachment":"scroll","background-type":"","background-media":"","overlay-type":"","overlay-color":"","overlay-opacity":"","overlay-gradient":""}},"footnotes":""},"categories":[],"tags":[101],"class_list":["post-2518","page","type-page","status-publish","hentry","tag-site-page"],"yoast_head":"<!-- This site is optimized with the Yoast SEO plugin v27.4 - https:\/\/yoast.com\/product\/yoast-seo-wordpress\/ -->\n<title>School Health Profiles - New Mexico Youth Risk &amp; Resiliency Survey<\/title>\n<meta name=\"robots\" content=\"index, follow, max-snippet:-1, max-image-preview:large, max-video-preview:-1\" \/>\n<link rel=\"canonical\" href=\"https:\/\/youthrisk.org\/es\/data-collection\/school-health-profiles\/\" \/>\n<meta property=\"og:locale\" content=\"es_MX\" \/>\n<meta property=\"og:type\" content=\"article\" \/>\n<meta property=\"og:title\" content=\"School Health Profiles - New Mexico Youth Risk &amp; Resiliency Survey\" \/>\n<meta property=\"og:description\" content=\"What is the &#8220;School Health Profiles?&#8221; In collaboration with state and local education and health agencies, the Centers for Disease Control and Prevention (CDC) developed the School Health Profiles (Profiles) to measure the implementation of school policies and practices that help improve the health of school-aged youth.&nbsp; Profiles has been conducted since 1996 in most [&hellip;]\" \/>\n<meta property=\"og:url\" content=\"https:\/\/youthrisk.org\/es\/data-collection\/school-health-profiles\/\" \/>\n<meta property=\"og:site_name\" content=\"New Mexico Youth Risk &amp; Resiliency Survey\" \/>\n<meta property=\"article:modified_time\" content=\"2021-10-29T15:46:45+00:00\" \/>\n<meta property=\"og:image\" content=\"https:\/\/youthrisk.org\/wp-content\/uploads\/2021\/09\/nmyrrs_teensOnWall-1024x683.jpeg\" \/>\n<meta name=\"twitter:card\" content=\"summary_large_image\" \/>\n<meta name=\"twitter:label1\" content=\"Tiempo de lectura\" \/>\n\t<meta name=\"twitter:data1\" content=\"1 minuto\" \/>\n<script type=\"application\/ld+json\" class=\"yoast-schema-graph\">{\"@context\":\"https:\\\/\\\/schema.org\",\"@graph\":[{\"@type\":\"WebPage\",\"@id\":\"https:\\\/\\\/youthrisk.org\\\/data-collection\\\/school-health-profiles\\\/\",\"url\":\"https:\\\/\\\/youthrisk.org\\\/data-collection\\\/school-health-profiles\\\/\",\"name\":\"School Health Profiles - New Mexico Youth Risk &amp; Resiliency Survey\",\"isPartOf\":{\"@id\":\"https:\\\/\\\/youthrisk.org\\\/#website\"},\"primaryImageOfPage\":{\"@id\":\"https:\\\/\\\/youthrisk.org\\\/data-collection\\\/school-health-profiles\\\/#primaryimage\"},\"image\":{\"@id\":\"https:\\\/\\\/youthrisk.org\\\/data-collection\\\/school-health-profiles\\\/#primaryimage\"},\"thumbnailUrl\":\"https:\\\/\\\/youthrisk.org\\\/wp-content\\\/uploads\\\/2021\\\/09\\\/nmyrrs_teensOnWall-1024x683.jpeg\",\"datePublished\":\"2021-09-15T03:28:53+00:00\",\"dateModified\":\"2021-10-29T15:46:45+00:00\",\"breadcrumb\":{\"@id\":\"https:\\\/\\\/youthrisk.org\\\/data-collection\\\/school-health-profiles\\\/#breadcrumb\"},\"inLanguage\":\"es\",\"potentialAction\":[{\"@type\":\"ReadAction\",\"target\":[\"https:\\\/\\\/youthrisk.org\\\/data-collection\\\/school-health-profiles\\\/\"]}]},{\"@type\":\"ImageObject\",\"inLanguage\":\"es\",\"@id\":\"https:\\\/\\\/youthrisk.org\\\/data-collection\\\/school-health-profiles\\\/#primaryimage\",\"url\":\"https:\\\/\\\/youthrisk.org\\\/wp-content\\\/uploads\\\/2021\\\/09\\\/nmyrrs_teensOnWall-1024x683.jpeg\",\"contentUrl\":\"https:\\\/\\\/youthrisk.org\\\/wp-content\\\/uploads\\\/2021\\\/09\\\/nmyrrs_teensOnWall-1024x683.jpeg\"},{\"@type\":\"BreadcrumbList\",\"@id\":\"https:\\\/\\\/youthrisk.org\\\/data-collection\\\/school-health-profiles\\\/#breadcrumb\",\"itemListElement\":[{\"@type\":\"ListItem\",\"position\":1,\"name\":\"Home\",\"item\":\"https:\\\/\\\/youthrisk.org\\\/\"},{\"@type\":\"ListItem\",\"position\":2,\"name\":\"Data Collection\",\"item\":\"https:\\\/\\\/youthrisk.org\\\/?page_id=1305\"},{\"@type\":\"ListItem\",\"position\":3,\"name\":\"School Health Profiles\"}]},{\"@type\":\"WebSite\",\"@id\":\"https:\\\/\\\/youthrisk.org\\\/#website\",\"url\":\"https:\\\/\\\/youthrisk.org\\\/\",\"name\":\"New Mexico Youth Risk & Resiliency Survey\",\"description\":\"New Mexico Youth Risk &amp; Resiliency Survey\",\"publisher\":{\"@id\":\"https:\\\/\\\/youthrisk.org\\\/#organization\"},\"potentialAction\":[{\"@type\":\"SearchAction\",\"target\":{\"@type\":\"EntryPoint\",\"urlTemplate\":\"https:\\\/\\\/youthrisk.org\\\/?s={search_term_string}\"},\"query-input\":{\"@type\":\"PropertyValueSpecification\",\"valueRequired\":true,\"valueName\":\"search_term_string\"}}],\"inLanguage\":\"es\"},{\"@type\":\"Organization\",\"@id\":\"https:\\\/\\\/youthrisk.org\\\/#organization\",\"name\":\"New Mexico Youth Risk & Resiliency Survey\",\"url\":\"https:\\\/\\\/youthrisk.org\\\/\",\"logo\":{\"@type\":\"ImageObject\",\"inLanguage\":\"es\",\"@id\":\"https:\\\/\\\/youthrisk.org\\\/#\\\/schema\\\/logo\\\/image\\\/\",\"url\":\"https:\\\/\\\/youthrisk.org\\\/wp-content\\\/uploads\\\/2023\\\/04\\\/Asset-7nmyrrsLogo-e1681157016641.png\",\"contentUrl\":\"https:\\\/\\\/youthrisk.org\\\/wp-content\\\/uploads\\\/2023\\\/04\\\/Asset-7nmyrrsLogo-e1681157016641.png\",\"width\":1000,\"height\":261,\"caption\":\"New Mexico Youth Risk & Resiliency Survey\"},\"image\":{\"@id\":\"https:\\\/\\\/youthrisk.org\\\/#\\\/schema\\\/logo\\\/image\\\/\"}}]}<\/script>\n<!-- \/ Yoast SEO plugin. -->","yoast_head_json":{"title":"Perfiles de salud escolar - Encuesta sobre riesgo y resiliencia juvenil de Nuevo M\u00e9xico","robots":{"index":"index","follow":"follow","max-snippet":"max-snippet:-1","max-image-preview":"max-image-preview:large","max-video-preview":"max-video-preview:-1"},"canonical":"https:\/\/youthrisk.org\/es\/data-collection\/school-health-profiles\/","og_locale":"es_MX","og_type":"article","og_title":"School Health Profiles - New Mexico Youth Risk &amp; Resiliency Survey","og_description":"What is the &#8220;School Health Profiles?&#8221; In collaboration with state and local education and health agencies, the Centers for Disease Control and Prevention (CDC) developed the School Health Profiles (Profiles) to measure the implementation of school policies and practices that help improve the health of school-aged youth.&nbsp; Profiles has been conducted since 1996 in most [&hellip;]","og_url":"https:\/\/youthrisk.org\/es\/data-collection\/school-health-profiles\/","og_site_name":"New Mexico Youth Risk &amp; Resiliency Survey","article_modified_time":"2021-10-29T15:46:45+00:00","og_image":[{"url":"https:\/\/youthrisk.org\/wp-content\/uploads\/2021\/09\/nmyrrs_teensOnWall-1024x683.jpeg","type":"","width":"","height":""}],"twitter_card":"summary_large_image","twitter_misc":{"Tiempo de lectura":"1 minuto"},"schema":{"@context":"https:\/\/schema.org","@graph":[{"@type":"WebPage","@id":"https:\/\/youthrisk.org\/data-collection\/school-health-profiles\/","url":"https:\/\/youthrisk.org\/data-collection\/school-health-profiles\/","name":"Perfiles de salud escolar - Encuesta sobre riesgo y resiliencia juvenil de Nuevo M\u00e9xico","isPartOf":{"@id":"https:\/\/youthrisk.org\/#website"},"primaryImageOfPage":{"@id":"https:\/\/youthrisk.org\/data-collection\/school-health-profiles\/#primaryimage"},"image":{"@id":"https:\/\/youthrisk.org\/data-collection\/school-health-profiles\/#primaryimage"},"thumbnailUrl":"https:\/\/youthrisk.org\/wp-content\/uploads\/2021\/09\/nmyrrs_teensOnWall-1024x683.jpeg","datePublished":"2021-09-15T03:28:53+00:00","dateModified":"2021-10-29T15:46:45+00:00","breadcrumb":{"@id":"https:\/\/youthrisk.org\/data-collection\/school-health-profiles\/#breadcrumb"},"inLanguage":"es","potentialAction":[{"@type":"ReadAction","target":["https:\/\/youthrisk.org\/data-collection\/school-health-profiles\/"]}]},{"@type":"ImageObject","inLanguage":"es","@id":"https:\/\/youthrisk.org\/data-collection\/school-health-profiles\/#primaryimage","url":"https:\/\/youthrisk.org\/wp-content\/uploads\/2021\/09\/nmyrrs_teensOnWall-1024x683.jpeg","contentUrl":"https:\/\/youthrisk.org\/wp-content\/uploads\/2021\/09\/nmyrrs_teensOnWall-1024x683.jpeg"},{"@type":"BreadcrumbList","@id":"https:\/\/youthrisk.org\/data-collection\/school-health-profiles\/#breadcrumb","itemListElement":[{"@type":"ListItem","position":1,"name":"Home","item":"https:\/\/youthrisk.org\/"},{"@type":"ListItem","position":2,"name":"Data Collection","item":"https:\/\/youthrisk.org\/?page_id=1305"},{"@type":"ListItem","position":3,"name":"School Health Profiles"}]},{"@type":"WebSite","@id":"https:\/\/youthrisk.org\/#website","url":"https:\/\/youthrisk.org\/","name":"Encuesta de resiliencia y riesgo juvenil de Nuevo M\u00e9xico","description":"Encuesta sobre riesgo y resiliencia de los j\u00f3venes de Nuevo M\u00e9xico","publisher":{"@id":"https:\/\/youthrisk.org\/#organization"},"potentialAction":[{"@type":"SearchAction","target":{"@type":"EntryPoint","urlTemplate":"https:\/\/youthrisk.org\/?s={search_term_string}"},"query-input":{"@type":"PropertyValueSpecification","valueRequired":true,"valueName":"search_term_string"}}],"inLanguage":"es"},{"@type":"Organization","@id":"https:\/\/youthrisk.org\/#organization","name":"Encuesta de resiliencia y riesgo juvenil de Nuevo M\u00e9xico","url":"https:\/\/youthrisk.org\/","logo":{"@type":"ImageObject","inLanguage":"es","@id":"https:\/\/youthrisk.org\/#\/schema\/logo\/image\/","url":"https:\/\/youthrisk.org\/wp-content\/uploads\/2023\/04\/Asset-7nmyrrsLogo-e1681157016641.png","contentUrl":"https:\/\/youthrisk.org\/wp-content\/uploads\/2023\/04\/Asset-7nmyrrsLogo-e1681157016641.png","width":1000,"height":261,"caption":"New Mexico Youth Risk & Resiliency Survey"},"image":{"@id":"https:\/\/youthrisk.org\/#\/schema\/logo\/image\/"}}]}},"_links":{"self":[{"href":"https:\/\/youthrisk.org\/es\/wp-json\/wp\/v2\/pages\/2518","targetHints":{"allow":["GET"]}}],"collection":[{"href":"https:\/\/youthrisk.org\/es\/wp-json\/wp\/v2\/pages"}],"about":[{"href":"https:\/\/youthrisk.org\/es\/wp-json\/wp\/v2\/types\/page"}],"author":[{"embeddable":true,"href":"https:\/\/youthrisk.org\/es\/wp-json\/wp\/v2\/users\/1"}],"replies":[{"embeddable":true,"href":"https:\/\/youthrisk.org\/es\/wp-json\/wp\/v2\/comments?post=2518"}],"version-history":[{"count":0,"href":"https:\/\/youthrisk.org\/es\/wp-json\/wp\/v2\/pages\/2518\/revisions"}],"up":[{"embeddable":true,"href":"https:\/\/youthrisk.org\/es\/wp-json\/wp\/v2\/pages\/1305"}],"wp:attachment":[{"href":"https:\/\/youthrisk.org\/es\/wp-json\/wp\/v2\/media?parent=2518"}],"wp:term":[{"taxonomy":"category","embeddable":true,"href":"https:\/\/youthrisk.org\/es\/wp-json\/wp\/v2\/categories?post=2518"},{"taxonomy":"post_tag","embeddable":true,"href":"https:\/\/youthrisk.org\/es\/wp-json\/wp\/v2\/tags?post=2518"}],"curies":[{"name":"gracias","href":"https:\/\/api.w.org\/{rel}","templated":true}]}}