{"id":31877,"date":"2021-11-23T12:35:49","date_gmt":"2021-11-23T19:35:49","guid":{"rendered":"https:\/\/youthrisk.org\/?page_id=31877"},"modified":"2025-08-18T09:04:12","modified_gmt":"2025-08-18T15:04:12","slug":"resources","status":"publish","type":"page","link":"https:\/\/youthrisk.org\/es\/resources\/","title":{"rendered":"Recursos"},"content":{"rendered":"<div class=\"wp-block-group is-content-justification-left is-layout-constrained wp-container-core-group-is-layout-12dd3699 wp-block-group-is-layout-constrained\"><div class=\"wp-block-group__inner-container\"><div class=\"cl-layout-container search-filter-results-820\" style=\"--cl-layout-padding:0px;--cl-layout-margin:5px;\"><div  class=\"cl-layout cl-layout--grid cl-layout--id-966  cl-layout--equal-rows  cl-layout--col-l-4 cl-layout--col-m-4 cl-layout--col-s-2 cl-layout--col-xs-1\"  style=\"--cl-layout-gap-c: 10px;--cl-layout-gap-r: 10px;\t\t\" ><div  class=\"cl-layout__item cl-layout__item--id-182878\" ><div  class=\"cl-template cl-template--post cl-template--id-794 cl-template--image-top\" ><div class=\"cl-element cl-element-featured_media cl-element--instance-1002  cl-element-featured_media--sizing-aspect_ratio\"><a class=\"cl-element-featured_media__anchor\" href=\"https:\/\/youthrisk.org\/es\/thank-you\/\" title=\"\u00a1Gracias!\"><div class=\"custom-layouts-svg-template\" aria-hidden=\"true\" style=\"display: none;\"><svg id=\"cl-svg-image-placeholder\"  xmlns=\"http:\/\/www.w3.org\/2000\/svg\" viewbox=\"0 0 24 24\"><path d=\"M19 5v14H5V5h14m0-2H5c-1.1 0-2 .9-2 2v14c0 1.1.9 2 2 2h14c1.1 0 2-.9 2-2V5c0-1.1-.9-2-2-2zm-4.86 8.86l-3 3.87L9 13.14 6 17h12l-3.86-5.14z\"\/><\/svg><\/div><svg class=\"cl-element-featured_media__placeholder-image\"><use xlink:href=\"#cl-svg-image-placeholder\" \/><\/svg><\/a><\/div><div class=\"cl-element cl-element-section cl-element--instance-1003\"><h6 class=\"cl-element cl-element-title cl-element--instance-1001\"><a class=\"cl-element-title__anchor\" href=\"https:\/\/youthrisk.org\/es\/thank-you\/\">\u00a1Gracias!<\/a><\/h6><\/div><\/div><\/div><div  class=\"cl-layout__item cl-layout__item--id-181019\" ><div  class=\"cl-template cl-template--post cl-template--id-794 cl-template--image-top\" ><div class=\"cl-element cl-element-featured_media cl-element--instance-1002  cl-element-featured_media--sizing-aspect_ratio\"><a class=\"cl-element-featured_media__anchor\" href=\"https:\/\/youthrisk.org\/es\/test-roadshow-reg\/\" title=\"Prueba Roadshow Reg\"><svg class=\"cl-element-featured_media__placeholder-image\"><use xlink:href=\"#cl-svg-image-placeholder\" \/><\/svg><\/a><\/div><div class=\"cl-element cl-element-section cl-element--instance-1003\"><h6 class=\"cl-element cl-element-title cl-element--instance-1001\"><a class=\"cl-element-title__anchor\" href=\"https:\/\/youthrisk.org\/es\/test-roadshow-reg\/\">Prueba Roadshow Reg<\/a><\/h6><\/div><\/div><\/div><div  class=\"cl-layout__item cl-layout__item--id-148034\" ><div  class=\"cl-template cl-template--post cl-template--id-794 cl-template--image-top\" ><div class=\"cl-element cl-element-featured_media cl-element--instance-1002  cl-element-featured_media--sizing-aspect_ratio\"><a class=\"cl-element-featured_media__anchor\" href=\"https:\/\/youthrisk.org\/es\/school-health-profiles-shp-infographic\/\" title=\"Infograf\u00eda de los perfiles de salud escolar (SHP) \u2013 Servicios de salud escolar\"><svg class=\"cl-element-featured_media__placeholder-image\"><use xlink:href=\"#cl-svg-image-placeholder\" \/><\/svg><\/a><\/div><div class=\"cl-element cl-element-section cl-element--instance-1003\"><h6 class=\"cl-element cl-element-title cl-element--instance-1001\"><a class=\"cl-element-title__anchor\" href=\"https:\/\/youthrisk.org\/es\/school-health-profiles-shp-infographic\/\">Infograf\u00eda de perfiles de salud escolar (SHP) - Servicios de salud escolar<\/a><\/h6><\/div><\/div><\/div><div  class=\"cl-layout__item cl-layout__item--id-181958\" ><div  class=\"cl-template cl-template--post cl-template--id-794 cl-template--image-top\" ><div class=\"cl-element cl-element-featured_media cl-element--instance-1002  cl-element-featured_media--sizing-aspect_ratio\"><a class=\"cl-element-featured_media__anchor\" href=\"https:\/\/youthrisk.org\/es\/roadshow-confirmation\/\" title=\"Confirmaci\u00f3n de Roadshow\"><svg class=\"cl-element-featured_media__placeholder-image\"><use xlink:href=\"#cl-svg-image-placeholder\" \/><\/svg><\/a><\/div><div class=\"cl-element cl-element-section cl-element--instance-1003\"><h6 class=\"cl-element cl-element-title cl-element--instance-1001\"><a class=\"cl-element-title__anchor\" href=\"https:\/\/youthrisk.org\/es\/roadshow-confirmation\/\">Confirmaci\u00f3n de Roadshow<\/a><\/h6><\/div><\/div><\/div><div  class=\"cl-layout__item cl-layout__item--id-180835\" ><div  class=\"cl-template cl-template--post cl-template--id-794 cl-template--image-top\" ><div class=\"cl-element cl-element-featured_media cl-element--instance-1002  cl-element-featured_media--sizing-aspect_ratio\"><a class=\"cl-element-featured_media__anchor\" href=\"https:\/\/youthrisk.org\/es\/newsletter\/\" title=\"Boletin informativo\"><svg class=\"cl-element-featured_media__placeholder-image\"><use xlink:href=\"#cl-svg-image-placeholder\" \/><\/svg><\/a><\/div><div class=\"cl-element cl-element-section cl-element--instance-1003\"><h6 class=\"cl-element cl-element-title cl-element--instance-1001\"><a class=\"cl-element-title__anchor\" href=\"https:\/\/youthrisk.org\/es\/newsletter\/\">Boletin informativo<\/a><\/h6><\/div><\/div><\/div><div  class=\"cl-layout__item cl-layout__item--id-183347\" ><div  class=\"cl-template cl-template--post cl-template--id-794 cl-template--image-top\" ><div class=\"cl-element cl-element-featured_media cl-element--instance-1002  cl-element-featured_media--sizing-aspect_ratio\"><a class=\"cl-element-featured_media__anchor\" href=\"https:\/\/youthrisk.org\/es\/resources\/here-comes-the-2025-nm-yrrs-spanish\/\" title=\"Llega el NM-YRRS 2025 \u2013 Espa\u00f1ol\"><div class=\"cl-element-featured_media__image\" style=\"background-image: url(https:\/\/youthrisk.org\/wp-content\/uploads\/2025\/08\/HC2025NM-YRRS-ES-150x150.avif)\" role=\"img\"><\/div><\/a><\/div><div class=\"cl-element cl-element-section cl-element--instance-1003\"><h6 class=\"cl-element cl-element-title cl-element--instance-1001\"><a class=\"cl-element-title__anchor\" href=\"https:\/\/youthrisk.org\/es\/resources\/here-comes-the-2025-nm-yrrs-spanish\/\">Llega el NM-YRRS 2025 \u2013 Espa\u00f1ol<\/a><\/h6><\/div><\/div><\/div><div  class=\"cl-layout__item cl-layout__item--id-183345\" ><div  class=\"cl-template cl-template--post cl-template--id-794 cl-template--image-top\" ><div class=\"cl-element cl-element-featured_media cl-element--instance-1002  cl-element-featured_media--sizing-aspect_ratio\"><a class=\"cl-element-featured_media__anchor\" href=\"https:\/\/youthrisk.org\/es\/resources\/here-comes-the-2025-nm-yrrs-english\/\" title=\"Llega el NM-YRRS 2025 \u2013 Ingl\u00e9s\"><div class=\"cl-element-featured_media__image\" style=\"background-image: url(https:\/\/youthrisk.org\/wp-content\/uploads\/2025\/08\/HC2025NM-YRRS-EN-150x150.avif)\" role=\"img\"><\/div><\/a><\/div><div class=\"cl-element cl-element-section cl-element--instance-1003\"><h6 class=\"cl-element cl-element-title cl-element--instance-1001\"><a class=\"cl-element-title__anchor\" href=\"https:\/\/youthrisk.org\/es\/resources\/here-comes-the-2025-nm-yrrs-english\/\">Llega el NM-YRRS 2025 \u2013 Ingl\u00e9s<\/a><\/h6><\/div><\/div><\/div><div  class=\"cl-layout__item cl-layout__item--id-183365\" ><div  class=\"cl-template cl-template--post cl-template--id-794 cl-template--image-top\" ><div class=\"cl-element cl-element-featured_media cl-element--instance-1002  cl-element-featured_media--sizing-aspect_ratio\"><a class=\"cl-element-featured_media__anchor\" href=\"https:\/\/youthrisk.org\/es\/2025-passive-consent-form-english-spanish\/\" title=\"Formulario de consentimiento pasivo 2025 (ingl\u00e9s y espa\u00f1ol)\"><svg class=\"cl-element-featured_media__placeholder-image\"><use xlink:href=\"#cl-svg-image-placeholder\" \/><\/svg><\/a><\/div><div class=\"cl-element cl-element-section cl-element--instance-1003\"><h6 class=\"cl-element cl-element-title cl-element--instance-1001\"><a class=\"cl-element-title__anchor\" href=\"https:\/\/youthrisk.org\/es\/2025-passive-consent-form-english-spanish\/\">Formulario de consentimiento pasivo 2025 \u2013 Ingl\u00e9s y espa\u00f1ol<\/a><\/h6><\/div><\/div><\/div><div  class=\"cl-layout__item cl-layout__item--id-183377\" ><div  class=\"cl-template cl-template--post cl-template--id-794 cl-template--image-top\" ><div class=\"cl-element cl-element-featured_media cl-element--instance-1002  cl-element-featured_media--sizing-aspect_ratio\"><a class=\"cl-element-featured_media__anchor\" href=\"https:\/\/youthrisk.org\/es\/data-collection\/questionnaires\/2025-nm-yrrs-middle-school-questionnaire\/\" title=\"Cuestionario de escuela secundaria NM-YRRS 2025\"><div class=\"cl-element-featured_media__image\" style=\"background-image: url(https:\/\/youthrisk.org\/wp-content\/uploads\/2025\/08\/2025-MIDDLE-SCHOOL-QUESTIONNAIRE-150x150.avif)\" role=\"img\"><\/div><\/a><\/div><div class=\"cl-element cl-element-section cl-element--instance-1003\"><h6 class=\"cl-element cl-element-title cl-element--instance-1001\"><a class=\"cl-element-title__anchor\" href=\"https:\/\/youthrisk.org\/es\/data-collection\/questionnaires\/2025-nm-yrrs-middle-school-questionnaire\/\">Cuestionario de escuela secundaria NM-YRRS 2025<\/a><\/h6><\/div><\/div><\/div><div  class=\"cl-layout__item cl-layout__item--id-183369\" ><div  class=\"cl-template cl-template--post cl-template--id-794 cl-template--image-top\" ><div class=\"cl-element cl-element-featured_media cl-element--instance-1002  cl-element-featured_media--sizing-aspect_ratio\"><a class=\"cl-element-featured_media__anchor\" href=\"https:\/\/youthrisk.org\/es\/data-collection\/questionnaires\/2025-nm-yrrs-high-school-questionnaire\/\" title=\"Cuestionario de escuela secundaria NM-YRRS 2025\"><div class=\"cl-element-featured_media__image\" style=\"background-image: url(https:\/\/youthrisk.org\/wp-content\/uploads\/2025\/08\/2025-HIGH-SCHOOL-QUESTIONNAIRE-1-150x150.avif)\" role=\"img\"><\/div><\/a><\/div><div class=\"cl-element cl-element-section cl-element--instance-1003\"><h6 class=\"cl-element cl-element-title cl-element--instance-1001\"><a class=\"cl-element-title__anchor\" href=\"https:\/\/youthrisk.org\/es\/data-collection\/questionnaires\/2025-nm-yrrs-high-school-questionnaire\/\">Cuestionario de escuela secundaria NM-YRRS 2025<\/a><\/h6><\/div><\/div><\/div><div  class=\"cl-layout__item cl-layout__item--id-183343\" ><div  class=\"cl-template cl-template--post cl-template--id-794 cl-template--image-top\" ><div class=\"cl-element cl-element-featured_media cl-element--instance-1002  cl-element-featured_media--sizing-aspect_ratio\"><a class=\"cl-element-featured_media__anchor\" href=\"https:\/\/youthrisk.org\/es\/resources\/2025-communication-package\/\" title=\"Paquete de comunicaci\u00f3n 2025\"><div class=\"cl-element-featured_media__image\" style=\"background-image: url(https:\/\/youthrisk.org\/wp-content\/uploads\/2025\/08\/Communication-Plan-150x150.avif)\" role=\"img\"><\/div><\/a><\/div><div class=\"cl-element cl-element-section cl-element--instance-1003\"><h6 class=\"cl-element cl-element-title cl-element--instance-1001\"><a class=\"cl-element-title__anchor\" href=\"https:\/\/youthrisk.org\/es\/resources\/2025-communication-package\/\">Paquete de comunicaci\u00f3n 2025<\/a><\/h6><\/div><\/div><\/div><div  class=\"cl-layout__item cl-layout__item--id-183571\" ><div  class=\"cl-template cl-template--post cl-template--id-794 cl-template--image-top\" ><div class=\"cl-element cl-element-featured_media cl-element--instance-1002  cl-element-featured_media--sizing-aspect_ratio\"><a class=\"cl-element-featured_media__anchor\" href=\"https:\/\/youthrisk.org\/es\/2024-school-health-profiles-nm-us-comparison\/\" title=\"Perfiles de salud escolar de 2024: comparaci\u00f3n entre Nuevo M\u00e9xico y EE. UU.\"><svg class=\"cl-element-featured_media__placeholder-image\"><use xlink:href=\"#cl-svg-image-placeholder\" \/><\/svg><\/a><\/div><div class=\"cl-element cl-element-section cl-element--instance-1003\"><h6 class=\"cl-element cl-element-title cl-element--instance-1001\"><a class=\"cl-element-title__anchor\" href=\"https:\/\/youthrisk.org\/es\/2024-school-health-profiles-nm-us-comparison\/\">Perfiles de salud escolar de 2024: comparaci\u00f3n entre Nuevo M\u00e9xico y EE. UU.<\/a><\/h6><\/div><\/div><\/div><div  class=\"cl-layout__item cl-layout__item--id-180813\" ><div  class=\"cl-template cl-template--post cl-template--id-794 cl-template--image-top\" ><div class=\"cl-element cl-element-featured_media cl-element--instance-1002  cl-element-featured_media--sizing-aspect_ratio\"><a class=\"cl-element-featured_media__anchor\" href=\"https:\/\/youthrisk.org\/es\/publications\/2023-passive-consent-form-spanish\/\" title=\"Formulario de Consentimiento Pasivo 2023 \u2013 Espa\u00f1ol\"><svg class=\"cl-element-featured_media__placeholder-image\"><use xlink:href=\"#cl-svg-image-placeholder\" \/><\/svg><\/a><\/div><div class=\"cl-element cl-element-section cl-element--instance-1003\"><h6 class=\"cl-element cl-element-title cl-element--instance-1001\"><a class=\"cl-element-title__anchor\" href=\"https:\/\/youthrisk.org\/es\/publications\/2023-passive-consent-form-spanish\/\">Formulario de consentimiento pasivo 2023 \u2013 Espa\u00f1ol<\/a><\/h6><\/div><\/div><\/div><div  class=\"cl-layout__item cl-layout__item--id-180809\" ><div  class=\"cl-template cl-template--post cl-template--id-794 cl-template--image-top\" ><div class=\"cl-element cl-element-featured_media cl-element--instance-1002  cl-element-featured_media--sizing-aspect_ratio\"><a class=\"cl-element-featured_media__anchor\" href=\"https:\/\/youthrisk.org\/es\/publications\/2023-passive-consent-form-english\/\" title=\"Formulario de Consentimiento Pasivo 2023 \u2013 Ingl\u00e9s\"><svg class=\"cl-element-featured_media__placeholder-image\"><use xlink:href=\"#cl-svg-image-placeholder\" \/><\/svg><\/a><\/div><div class=\"cl-element cl-element-section cl-element--instance-1003\"><h6 class=\"cl-element cl-element-title cl-element--instance-1001\"><a class=\"cl-element-title__anchor\" href=\"https:\/\/youthrisk.org\/es\/publications\/2023-passive-consent-form-english\/\">Formulario de consentimiento pasivo 2023 \u2013 Ingl\u00e9s<\/a><\/h6><\/div><\/div><\/div><div  class=\"cl-layout__item cl-layout__item--id-180048\" ><div  class=\"cl-template cl-template--post cl-template--id-794 cl-template--image-top\" ><div class=\"cl-element cl-element-featured_media cl-element--instance-1002  cl-element-featured_media--sizing-aspect_ratio\"><a class=\"cl-element-featured_media__anchor\" href=\"https:\/\/youthrisk.org\/es\/data-collection\/questionnaires\/2023-nm-yrrs-middle-school-questionnaire\/\" title=\"Cuestionario de escuela intermedia 2023 NM-YRRS\"><svg class=\"cl-element-featured_media__placeholder-image\"><use xlink:href=\"#cl-svg-image-placeholder\" \/><\/svg><\/a><\/div><div class=\"cl-element cl-element-section cl-element--instance-1003\"><h6 class=\"cl-element cl-element-title cl-element--instance-1001\"><a class=\"cl-element-title__anchor\" href=\"https:\/\/youthrisk.org\/es\/data-collection\/questionnaires\/2023-nm-yrrs-middle-school-questionnaire\/\">Cuestionario de escuela intermedia 2023 NM-YRRS<\/a><\/h6><\/div><\/div><\/div><\/div><div class=\"cl-pagination\"><span aria-current=\"page\" class=\"page-numbers current\">1<\/span>\n<a class=\"page-numbers\" href=\"https:\/\/youthrisk.org\/es\/publications\/?sf_paged=2\">2<\/a>\n<a class=\"page-numbers\" href=\"https:\/\/youthrisk.org\/es\/publications\/?sf_paged=3\">3<\/a>\n<span class=\"page-numbers dots\">\u2026<\/span>\n<a class=\"page-numbers\" href=\"https:\/\/youthrisk.org\/es\/publications\/?sf_paged=43\">43<\/a>\n<a class=\"next page-numbers\" href=\"https:\/\/youthrisk.org\/es\/publications\/?sf_paged=2\">Siguiente \u00bb<\/a><\/div><\/div>\n<\/div><\/div>\n\n\n\n<p><\/p>","protected":false},"excerpt":{"rendered":"","protected":false},"author":1,"featured_media":0,"parent":0,"menu_order":0,"comment_status":"closed","ping_status":"closed","template":"","meta":{"_eb_attr":"","site-sidebar-layout":"default","site-content-layout":"","ast-site-content-layout":"default","site-content-style":"default","site-sidebar-style":"default","ast-global-header-display":"","ast-banner-title-visibility":"","ast-main-header-display":"","ast-hfb-above-header-display":"","ast-hfb-below-header-display":"","ast-hfb-mobile-header-display":"","site-post-title":"","ast-breadcrumbs-content":"","ast-featured-img":"","footer-sml-layout":"","theme-transparent-header-meta":"","adv-header-id-meta":"","stick-header-meta":"","header-above-stick-meta":"","header-main-stick-meta":"","header-below-stick-meta":"","astra-migrate-meta-layouts":"set","ast-page-background-enabled":"default","ast-page-background-meta":{"desktop":{"background-color":"var(--ast-global-color-4)","background-image":"","background-repeat":"repeat","background-position":"center center","background-size":"auto","background-attachment":"scroll","background-type":"","background-media":"","overlay-type":"","overlay-color":"","overlay-opacity":"","overlay-gradient":""},"tablet":{"background-color":"","background-image":"","background-repeat":"repeat","background-position":"center center","background-size":"auto","background-attachment":"scroll","background-type":"","background-media":"","overlay-type":"","overlay-color":"","overlay-opacity":"","overlay-gradient":""},"mobile":{"background-color":"","background-image":"","background-repeat":"repeat","background-position":"center center","background-size":"auto","background-attachment":"scroll","background-type":"","background-media":"","overlay-type":"","overlay-color":"","overlay-opacity":"","overlay-gradient":""}},"ast-content-background-meta":{"desktop":{"background-color":"var(--ast-global-color-5)","background-image":"","background-repeat":"repeat","background-position":"center center","background-size":"auto","background-attachment":"scroll","background-type":"","background-media":"","overlay-type":"","overlay-color":"","overlay-opacity":"","overlay-gradient":""},"tablet":{"background-color":"var(--ast-global-color-5)","background-image":"","background-repeat":"repeat","background-position":"center center","background-size":"auto","background-attachment":"scroll","background-type":"","background-media":"","overlay-type":"","overlay-color":"","overlay-opacity":"","overlay-gradient":""},"mobile":{"background-color":"var(--ast-global-color-5)","background-image":"","background-repeat":"repeat","background-position":"center center","background-size":"auto","background-attachment":"scroll","background-type":"","background-media":"","overlay-type":"","overlay-color":"","overlay-opacity":"","overlay-gradient":""}},"footnotes":""},"categories":[],"tags":[101],"class_list":["post-31877","page","type-page","status-publish","hentry","tag-site-page"],"yoast_head":"<!-- This site is optimized with the Yoast SEO plugin v27.4 - https:\/\/yoast.com\/product\/yoast-seo-wordpress\/ -->\n<title>Resources - New Mexico Youth Risk &amp; Resiliency Survey<\/title>\n<meta name=\"robots\" content=\"index, follow, max-snippet:-1, max-image-preview:large, max-video-preview:-1\" \/>\n<link rel=\"canonical\" href=\"https:\/\/youthrisk.org\/es\/resources\/\" \/>\n<meta property=\"og:locale\" content=\"es_MX\" \/>\n<meta property=\"og:type\" content=\"article\" \/>\n<meta property=\"og:title\" content=\"Resources - New Mexico Youth Risk &amp; Resiliency Survey\" \/>\n<meta property=\"og:url\" content=\"https:\/\/youthrisk.org\/es\/resources\/\" \/>\n<meta property=\"og:site_name\" content=\"New Mexico Youth Risk &amp; Resiliency Survey\" \/>\n<meta property=\"article:modified_time\" content=\"2025-08-18T15:04:12+00:00\" \/>\n<meta name=\"twitter:card\" content=\"summary_large_image\" \/>\n<meta name=\"twitter:label1\" content=\"Tiempo de lectura\" \/>\n\t<meta name=\"twitter:data1\" content=\"1 minuto\" \/>\n<script type=\"application\/ld+json\" class=\"yoast-schema-graph\">{\"@context\":\"https:\\\/\\\/schema.org\",\"@graph\":[{\"@type\":\"WebPage\",\"@id\":\"https:\\\/\\\/youthrisk.org\\\/resources\\\/\",\"url\":\"https:\\\/\\\/youthrisk.org\\\/resources\\\/\",\"name\":\"Resources - New Mexico Youth Risk &amp; Resiliency Survey\",\"isPartOf\":{\"@id\":\"https:\\\/\\\/youthrisk.org\\\/#website\"},\"datePublished\":\"2021-11-23T19:35:49+00:00\",\"dateModified\":\"2025-08-18T15:04:12+00:00\",\"breadcrumb\":{\"@id\":\"https:\\\/\\\/youthrisk.org\\\/resources\\\/#breadcrumb\"},\"inLanguage\":\"es\",\"potentialAction\":[{\"@type\":\"ReadAction\",\"target\":[\"https:\\\/\\\/youthrisk.org\\\/resources\\\/\"]}]},{\"@type\":\"BreadcrumbList\",\"@id\":\"https:\\\/\\\/youthrisk.org\\\/resources\\\/#breadcrumb\",\"itemListElement\":[{\"@type\":\"ListItem\",\"position\":1,\"name\":\"Home\",\"item\":\"https:\\\/\\\/youthrisk.org\\\/\"},{\"@type\":\"ListItem\",\"position\":2,\"name\":\"Resources\"}]},{\"@type\":\"WebSite\",\"@id\":\"https:\\\/\\\/youthrisk.org\\\/#website\",\"url\":\"https:\\\/\\\/youthrisk.org\\\/\",\"name\":\"New Mexico Youth Risk & Resiliency Survey\",\"description\":\"New Mexico Youth Risk &amp; Resiliency Survey\",\"publisher\":{\"@id\":\"https:\\\/\\\/youthrisk.org\\\/#organization\"},\"potentialAction\":[{\"@type\":\"SearchAction\",\"target\":{\"@type\":\"EntryPoint\",\"urlTemplate\":\"https:\\\/\\\/youthrisk.org\\\/?s={search_term_string}\"},\"query-input\":{\"@type\":\"PropertyValueSpecification\",\"valueRequired\":true,\"valueName\":\"search_term_string\"}}],\"inLanguage\":\"es\"},{\"@type\":\"Organization\",\"@id\":\"https:\\\/\\\/youthrisk.org\\\/#organization\",\"name\":\"New Mexico Youth Risk & Resiliency Survey\",\"url\":\"https:\\\/\\\/youthrisk.org\\\/\",\"logo\":{\"@type\":\"ImageObject\",\"inLanguage\":\"es\",\"@id\":\"https:\\\/\\\/youthrisk.org\\\/#\\\/schema\\\/logo\\\/image\\\/\",\"url\":\"https:\\\/\\\/youthrisk.org\\\/wp-content\\\/uploads\\\/2023\\\/04\\\/Asset-7nmyrrsLogo-e1681157016641.png\",\"contentUrl\":\"https:\\\/\\\/youthrisk.org\\\/wp-content\\\/uploads\\\/2023\\\/04\\\/Asset-7nmyrrsLogo-e1681157016641.png\",\"width\":1000,\"height\":261,\"caption\":\"New Mexico Youth Risk & Resiliency Survey\"},\"image\":{\"@id\":\"https:\\\/\\\/youthrisk.org\\\/#\\\/schema\\\/logo\\\/image\\\/\"}}]}<\/script>\n<!-- \/ Yoast SEO plugin. -->","yoast_head_json":{"title":"Resources - New Mexico Youth Risk &amp; Resiliency Survey","robots":{"index":"index","follow":"follow","max-snippet":"max-snippet:-1","max-image-preview":"max-image-preview:large","max-video-preview":"max-video-preview:-1"},"canonical":"https:\/\/youthrisk.org\/es\/resources\/","og_locale":"es_MX","og_type":"article","og_title":"Resources - New Mexico Youth Risk &amp; Resiliency Survey","og_url":"https:\/\/youthrisk.org\/es\/resources\/","og_site_name":"New Mexico Youth Risk &amp; Resiliency Survey","article_modified_time":"2025-08-18T15:04:12+00:00","twitter_card":"summary_large_image","twitter_misc":{"Tiempo de lectura":"1 minuto"},"schema":{"@context":"https:\/\/schema.org","@graph":[{"@type":"WebPage","@id":"https:\/\/youthrisk.org\/resources\/","url":"https:\/\/youthrisk.org\/resources\/","name":"Resources - New Mexico Youth Risk &amp; Resiliency Survey","isPartOf":{"@id":"https:\/\/youthrisk.org\/#website"},"datePublished":"2021-11-23T19:35:49+00:00","dateModified":"2025-08-18T15:04:12+00:00","breadcrumb":{"@id":"https:\/\/youthrisk.org\/resources\/#breadcrumb"},"inLanguage":"es","potentialAction":[{"@type":"ReadAction","target":["https:\/\/youthrisk.org\/resources\/"]}]},{"@type":"BreadcrumbList","@id":"https:\/\/youthrisk.org\/resources\/#breadcrumb","itemListElement":[{"@type":"ListItem","position":1,"name":"Home","item":"https:\/\/youthrisk.org\/"},{"@type":"ListItem","position":2,"name":"Resources"}]},{"@type":"WebSite","@id":"https:\/\/youthrisk.org\/#website","url":"https:\/\/youthrisk.org\/","name":"Encuesta de resiliencia y riesgo juvenil de Nuevo M\u00e9xico","description":"Encuesta sobre riesgo y resiliencia de los j\u00f3venes de Nuevo M\u00e9xico","publisher":{"@id":"https:\/\/youthrisk.org\/#organization"},"potentialAction":[{"@type":"SearchAction","target":{"@type":"EntryPoint","urlTemplate":"https:\/\/youthrisk.org\/?s={search_term_string}"},"query-input":{"@type":"PropertyValueSpecification","valueRequired":true,"valueName":"search_term_string"}}],"inLanguage":"es"},{"@type":"Organization","@id":"https:\/\/youthrisk.org\/#organization","name":"Encuesta de resiliencia y riesgo juvenil de Nuevo M\u00e9xico","url":"https:\/\/youthrisk.org\/","logo":{"@type":"ImageObject","inLanguage":"es","@id":"https:\/\/youthrisk.org\/#\/schema\/logo\/image\/","url":"https:\/\/youthrisk.org\/wp-content\/uploads\/2023\/04\/Asset-7nmyrrsLogo-e1681157016641.png","contentUrl":"https:\/\/youthrisk.org\/wp-content\/uploads\/2023\/04\/Asset-7nmyrrsLogo-e1681157016641.png","width":1000,"height":261,"caption":"New Mexico Youth Risk & Resiliency Survey"},"image":{"@id":"https:\/\/youthrisk.org\/#\/schema\/logo\/image\/"}}]}},"_links":{"self":[{"href":"https:\/\/youthrisk.org\/es\/wp-json\/wp\/v2\/pages\/31877","targetHints":{"allow":["GET"]}}],"collection":[{"href":"https:\/\/youthrisk.org\/es\/wp-json\/wp\/v2\/pages"}],"about":[{"href":"https:\/\/youthrisk.org\/es\/wp-json\/wp\/v2\/types\/page"}],"author":[{"embeddable":true,"href":"https:\/\/youthrisk.org\/es\/wp-json\/wp\/v2\/users\/1"}],"replies":[{"embeddable":true,"href":"https:\/\/youthrisk.org\/es\/wp-json\/wp\/v2\/comments?post=31877"}],"version-history":[{"count":6,"href":"https:\/\/youthrisk.org\/es\/wp-json\/wp\/v2\/pages\/31877\/revisions"}],"predecessor-version":[{"id":183640,"href":"https:\/\/youthrisk.org\/es\/wp-json\/wp\/v2\/pages\/31877\/revisions\/183640"}],"wp:attachment":[{"href":"https:\/\/youthrisk.org\/es\/wp-json\/wp\/v2\/media?parent=31877"}],"wp:term":[{"taxonomy":"category","embeddable":true,"href":"https:\/\/youthrisk.org\/es\/wp-json\/wp\/v2\/categories?post=31877"},{"taxonomy":"post_tag","embeddable":true,"href":"https:\/\/youthrisk.org\/es\/wp-json\/wp\/v2\/tags?post=31877"}],"curies":[{"name":"gracias","href":"https:\/\/api.w.org\/{rel}","templated":true}]}}