{"id":5560,"date":"2021-09-27T22:01:16","date_gmt":"2021-09-27T22:01:16","guid":{"rendered":"https:\/\/youthrisk.org\/?page_id=5560"},"modified":"2021-09-27T22:01:17","modified_gmt":"2021-09-27T22:01:17","slug":"2019-high-school-county-report-bernalillo","status":"publish","type":"page","link":"https:\/\/youthrisk.org\/es\/publications\/county-reports\/2019-high-school-county-report-bernalillo\/","title":{"rendered":"Informe del Condado de Escuelas Secundarias 2019 \u2013 Bernalillo"},"content":{"rendered":"<a class=\"fullscreen-mode\" href=\"https:\/\/youthrisk.org\/es\/pdfviewer\/2019-high-school-county-report-bernalillo\/?auto_viewer=true#page=1&zoom=page-fit&pagemode=thumbs\" target=\"_blank\">Modo de pantalla completa<\/a><br><iframe loading=\"lazy\" class=\"pvfw-pdf-viewer-frame\" width=\"100%\" height=\"800\" src=\"https:\/\/youthrisk.org\/es\/pdfviewer\/2019-high-school-county-report-bernalillo\/?auto_viewer=true#page=1&zoom=page-fit&pagemode=thumbs\" title=\"\"><\/iframe>\n\n\n\n<p><\/p>","protected":false},"excerpt":{"rendered":"","protected":false},"author":1,"featured_media":0,"parent":40,"menu_order":0,"comment_status":"closed","ping_status":"closed","template":"","meta":{"_eb_attr":"","site-sidebar-layout":"default","site-content-layout":"default","ast-site-content-layout":"","site-content-style":"default","site-sidebar-style":"default","ast-global-header-display":"","ast-banner-title-visibility":"","ast-main-header-display":"","ast-hfb-above-header-display":"","ast-hfb-below-header-display":"","ast-hfb-mobile-header-display":"","site-post-title":"","ast-breadcrumbs-content":"","ast-featured-img":"","footer-sml-layout":"","theme-transparent-header-meta":"default","adv-header-id-meta":"","stick-header-meta":"","header-above-stick-meta":"","header-main-stick-meta":"","header-below-stick-meta":"","astra-migrate-meta-layouts":"default","ast-page-background-enabled":"default","ast-page-background-meta":{"desktop":{"background-color":"var(--ast-global-color-4)","background-image":"","background-repeat":"repeat","background-position":"center center","background-size":"auto","background-attachment":"scroll","background-type":"","background-media":"","overlay-type":"","overlay-color":"","overlay-opacity":"","overlay-gradient":""},"tablet":{"background-color":"","background-image":"","background-repeat":"repeat","background-position":"center center","background-size":"auto","background-attachment":"scroll","background-type":"","background-media":"","overlay-type":"","overlay-color":"","overlay-opacity":"","overlay-gradient":""},"mobile":{"background-color":"","background-image":"","background-repeat":"repeat","background-position":"center center","background-size":"auto","background-attachment":"scroll","background-type":"","background-media":"","overlay-type":"","overlay-color":"","overlay-opacity":"","overlay-gradient":""}},"ast-content-background-meta":{"desktop":{"background-color":"var(--ast-global-color-5)","background-image":"","background-repeat":"repeat","background-position":"center center","background-size":"auto","background-attachment":"scroll","background-type":"","background-media":"","overlay-type":"","overlay-color":"","overlay-opacity":"","overlay-gradient":""},"tablet":{"background-color":"var(--ast-global-color-5)","background-image":"","background-repeat":"repeat","background-position":"center center","background-size":"auto","background-attachment":"scroll","background-type":"","background-media":"","overlay-type":"","overlay-color":"","overlay-opacity":"","overlay-gradient":""},"mobile":{"background-color":"var(--ast-global-color-5)","background-image":"","background-repeat":"repeat","background-position":"center center","background-size":"auto","background-attachment":"scroll","background-type":"","background-media":"","overlay-type":"","overlay-color":"","overlay-opacity":"","overlay-gradient":""}},"footnotes":""},"categories":[],"tags":[48,24,17,20],"class_list":["post-5560","page","type-page","status-publish","hentry","tag-48","tag-bernalillo","tag-county-report","tag-high-school"],"yoast_head":"<!-- This site is optimized with the Yoast SEO plugin v27.3 - https:\/\/yoast.com\/product\/yoast-seo-wordpress\/ -->\n<title>2019 High School County Report - Bernalillo - New Mexico Youth Risk &amp; Resiliency Survey<\/title>\n<meta name=\"robots\" content=\"index, follow, max-snippet:-1, max-image-preview:large, max-video-preview:-1\" \/>\n<link rel=\"canonical\" href=\"https:\/\/youthrisk.org\/es\/publications\/county-reports\/2019-high-school-county-report-bernalillo\/\" \/>\n<meta property=\"og:locale\" content=\"es_MX\" \/>\n<meta property=\"og:type\" content=\"article\" \/>\n<meta property=\"og:title\" content=\"2019 High School County Report - Bernalillo - New Mexico Youth Risk &amp; Resiliency Survey\" \/>\n<meta property=\"og:url\" content=\"https:\/\/youthrisk.org\/es\/publications\/county-reports\/2019-high-school-county-report-bernalillo\/\" \/>\n<meta property=\"og:site_name\" content=\"New Mexico Youth Risk &amp; Resiliency Survey\" \/>\n<meta property=\"article:modified_time\" content=\"2021-09-27T22:01:17+00:00\" \/>\n<meta name=\"twitter:card\" content=\"summary_large_image\" \/>\n<script type=\"application\/ld+json\" class=\"yoast-schema-graph\">{\"@context\":\"https:\\\/\\\/schema.org\",\"@graph\":[{\"@type\":\"WebPage\",\"@id\":\"https:\\\/\\\/youthrisk.org\\\/publications\\\/county-reports\\\/2019-high-school-county-report-bernalillo\\\/\",\"url\":\"https:\\\/\\\/youthrisk.org\\\/publications\\\/county-reports\\\/2019-high-school-county-report-bernalillo\\\/\",\"name\":\"2019 High School County Report - Bernalillo - New Mexico Youth Risk &amp; Resiliency Survey\",\"isPartOf\":{\"@id\":\"https:\\\/\\\/youthrisk.org\\\/#website\"},\"datePublished\":\"2021-09-27T22:01:16+00:00\",\"dateModified\":\"2021-09-27T22:01:17+00:00\",\"breadcrumb\":{\"@id\":\"https:\\\/\\\/youthrisk.org\\\/publications\\\/county-reports\\\/2019-high-school-county-report-bernalillo\\\/#breadcrumb\"},\"inLanguage\":\"es\",\"potentialAction\":[{\"@type\":\"ReadAction\",\"target\":[\"https:\\\/\\\/youthrisk.org\\\/publications\\\/county-reports\\\/2019-high-school-county-report-bernalillo\\\/\"]}]},{\"@type\":\"BreadcrumbList\",\"@id\":\"https:\\\/\\\/youthrisk.org\\\/publications\\\/county-reports\\\/2019-high-school-county-report-bernalillo\\\/#breadcrumb\",\"itemListElement\":[{\"@type\":\"ListItem\",\"position\":1,\"name\":\"Home\",\"item\":\"https:\\\/\\\/youthrisk.org\\\/\"},{\"@type\":\"ListItem\",\"position\":2,\"name\":\"All Publications\",\"item\":\"https:\\\/\\\/youthrisk.org\\\/publications\\\/\"},{\"@type\":\"ListItem\",\"position\":3,\"name\":\"County Reports\",\"item\":\"https:\\\/\\\/youthrisk.org\\\/publications\\\/county-reports\\\/\"},{\"@type\":\"ListItem\",\"position\":4,\"name\":\"2019 High School County Report &#8211; Bernalillo\"}]},{\"@type\":\"WebSite\",\"@id\":\"https:\\\/\\\/youthrisk.org\\\/#website\",\"url\":\"https:\\\/\\\/youthrisk.org\\\/\",\"name\":\"New Mexico Youth Risk & Resiliency Survey\",\"description\":\"New Mexico Youth Risk &amp; Resiliency Survey\",\"publisher\":{\"@id\":\"https:\\\/\\\/youthrisk.org\\\/#organization\"},\"potentialAction\":[{\"@type\":\"SearchAction\",\"target\":{\"@type\":\"EntryPoint\",\"urlTemplate\":\"https:\\\/\\\/youthrisk.org\\\/?s={search_term_string}\"},\"query-input\":{\"@type\":\"PropertyValueSpecification\",\"valueRequired\":true,\"valueName\":\"search_term_string\"}}],\"inLanguage\":\"es\"},{\"@type\":\"Organization\",\"@id\":\"https:\\\/\\\/youthrisk.org\\\/#organization\",\"name\":\"New Mexico Youth Risk & Resiliency Survey\",\"url\":\"https:\\\/\\\/youthrisk.org\\\/\",\"logo\":{\"@type\":\"ImageObject\",\"inLanguage\":\"es\",\"@id\":\"https:\\\/\\\/youthrisk.org\\\/#\\\/schema\\\/logo\\\/image\\\/\",\"url\":\"https:\\\/\\\/youthrisk.org\\\/wp-content\\\/uploads\\\/2023\\\/04\\\/Asset-7nmyrrsLogo-e1681157016641.png\",\"contentUrl\":\"https:\\\/\\\/youthrisk.org\\\/wp-content\\\/uploads\\\/2023\\\/04\\\/Asset-7nmyrrsLogo-e1681157016641.png\",\"width\":1000,\"height\":261,\"caption\":\"New Mexico Youth Risk & Resiliency Survey\"},\"image\":{\"@id\":\"https:\\\/\\\/youthrisk.org\\\/#\\\/schema\\\/logo\\\/image\\\/\"}}]}<\/script>\n<!-- \/ Yoast SEO plugin. -->","yoast_head_json":{"title":"Informe de escuelas secundarias del condado de Bernalillo, 2019 - Encuesta sobre riesgos y resiliencia juvenil de Nuevo M\u00e9xico","robots":{"index":"index","follow":"follow","max-snippet":"max-snippet:-1","max-image-preview":"max-image-preview:large","max-video-preview":"max-video-preview:-1"},"canonical":"https:\/\/youthrisk.org\/es\/publications\/county-reports\/2019-high-school-county-report-bernalillo\/","og_locale":"es_MX","og_type":"article","og_title":"2019 High School County Report - Bernalillo - New Mexico Youth Risk &amp; Resiliency Survey","og_url":"https:\/\/youthrisk.org\/es\/publications\/county-reports\/2019-high-school-county-report-bernalillo\/","og_site_name":"New Mexico Youth Risk &amp; Resiliency Survey","article_modified_time":"2021-09-27T22:01:17+00:00","twitter_card":"summary_large_image","schema":{"@context":"https:\/\/schema.org","@graph":[{"@type":"WebPage","@id":"https:\/\/youthrisk.org\/publications\/county-reports\/2019-high-school-county-report-bernalillo\/","url":"https:\/\/youthrisk.org\/publications\/county-reports\/2019-high-school-county-report-bernalillo\/","name":"Informe de escuelas secundarias del condado de Bernalillo, 2019 - Encuesta sobre riesgos y resiliencia juvenil de Nuevo M\u00e9xico","isPartOf":{"@id":"https:\/\/youthrisk.org\/#website"},"datePublished":"2021-09-27T22:01:16+00:00","dateModified":"2021-09-27T22:01:17+00:00","breadcrumb":{"@id":"https:\/\/youthrisk.org\/publications\/county-reports\/2019-high-school-county-report-bernalillo\/#breadcrumb"},"inLanguage":"es","potentialAction":[{"@type":"ReadAction","target":["https:\/\/youthrisk.org\/publications\/county-reports\/2019-high-school-county-report-bernalillo\/"]}]},{"@type":"BreadcrumbList","@id":"https:\/\/youthrisk.org\/publications\/county-reports\/2019-high-school-county-report-bernalillo\/#breadcrumb","itemListElement":[{"@type":"ListItem","position":1,"name":"Home","item":"https:\/\/youthrisk.org\/"},{"@type":"ListItem","position":2,"name":"All Publications","item":"https:\/\/youthrisk.org\/publications\/"},{"@type":"ListItem","position":3,"name":"County Reports","item":"https:\/\/youthrisk.org\/publications\/county-reports\/"},{"@type":"ListItem","position":4,"name":"2019 High School County Report &#8211; Bernalillo"}]},{"@type":"WebSite","@id":"https:\/\/youthrisk.org\/#website","url":"https:\/\/youthrisk.org\/","name":"Encuesta de resiliencia y riesgo juvenil de Nuevo M\u00e9xico","description":"Encuesta sobre riesgo y resiliencia de los j\u00f3venes de Nuevo M\u00e9xico","publisher":{"@id":"https:\/\/youthrisk.org\/#organization"},"potentialAction":[{"@type":"SearchAction","target":{"@type":"EntryPoint","urlTemplate":"https:\/\/youthrisk.org\/?s={search_term_string}"},"query-input":{"@type":"PropertyValueSpecification","valueRequired":true,"valueName":"search_term_string"}}],"inLanguage":"es"},{"@type":"Organization","@id":"https:\/\/youthrisk.org\/#organization","name":"Encuesta de resiliencia y riesgo juvenil de Nuevo M\u00e9xico","url":"https:\/\/youthrisk.org\/","logo":{"@type":"ImageObject","inLanguage":"es","@id":"https:\/\/youthrisk.org\/#\/schema\/logo\/image\/","url":"https:\/\/youthrisk.org\/wp-content\/uploads\/2023\/04\/Asset-7nmyrrsLogo-e1681157016641.png","contentUrl":"https:\/\/youthrisk.org\/wp-content\/uploads\/2023\/04\/Asset-7nmyrrsLogo-e1681157016641.png","width":1000,"height":261,"caption":"New Mexico Youth Risk & Resiliency Survey"},"image":{"@id":"https:\/\/youthrisk.org\/#\/schema\/logo\/image\/"}}]}},"_links":{"self":[{"href":"https:\/\/youthrisk.org\/es\/wp-json\/wp\/v2\/pages\/5560","targetHints":{"allow":["GET"]}}],"collection":[{"href":"https:\/\/youthrisk.org\/es\/wp-json\/wp\/v2\/pages"}],"about":[{"href":"https:\/\/youthrisk.org\/es\/wp-json\/wp\/v2\/types\/page"}],"author":[{"embeddable":true,"href":"https:\/\/youthrisk.org\/es\/wp-json\/wp\/v2\/users\/1"}],"replies":[{"embeddable":true,"href":"https:\/\/youthrisk.org\/es\/wp-json\/wp\/v2\/comments?post=5560"}],"version-history":[{"count":0,"href":"https:\/\/youthrisk.org\/es\/wp-json\/wp\/v2\/pages\/5560\/revisions"}],"up":[{"embeddable":true,"href":"https:\/\/youthrisk.org\/es\/wp-json\/wp\/v2\/pages\/40"}],"wp:attachment":[{"href":"https:\/\/youthrisk.org\/es\/wp-json\/wp\/v2\/media?parent=5560"}],"wp:term":[{"taxonomy":"category","embeddable":true,"href":"https:\/\/youthrisk.org\/es\/wp-json\/wp\/v2\/categories?post=5560"},{"taxonomy":"post_tag","embeddable":true,"href":"https:\/\/youthrisk.org\/es\/wp-json\/wp\/v2\/tags?post=5560"}],"curies":[{"name":"gracias","href":"https:\/\/api.w.org\/{rel}","templated":true}]}}