{"id":7,"date":"2021-07-08T16:30:40","date_gmt":"2021-07-08T22:30:40","guid":{"rendered":"https:\/\/youthrisk.org\/newSite\/?page_id=7"},"modified":"2025-11-18T11:49:41","modified_gmt":"2025-11-18T18:49:41","slug":"contact","status":"publish","type":"page","link":"https:\/\/youthrisk.org\/es\/contact\/","title":{"rendered":"Contacto"},"content":{"rendered":"<div class=\"wp-block-columns is-layout-flex wp-container-core-columns-is-layout-0f828b2e wp-block-columns-is-layout-flex\" style=\"margin-top:10px\">\n<div class=\"wp-block-column is-layout-flow wp-block-column-is-layout-flow\" style=\"padding-right:84px;padding-left:0px;flex-basis:23%\">\n<figure class=\"wp-block-image aligncenter size-full is-resized\"><img data-dominant-color=\"45b0b7\" data-has-transparency=\"false\" loading=\"lazy\" decoding=\"async\" width=\"732\" height=\"192\" sizes=\"auto, (max-width: 732px) 100vw, 732px\" src=\"https:\/\/youthrisk.org\/wp-content\/uploads\/2025\/11\/unm-pps-logo.avif\" alt=\"\" class=\"wp-image-184298 not-transparent\" style=\"--dominant-color: #45b0b7; width:286px;height:auto\" srcset=\"https:\/\/youthrisk.org\/wp-content\/uploads\/2025\/11\/unm-pps-logo.avif 732w, https:\/\/youthrisk.org\/wp-content\/uploads\/2025\/11\/unm-pps-logo-300x79.avif 300w, https:\/\/youthrisk.org\/wp-content\/uploads\/2025\/11\/unm-pps-logo-18x5.avif 18w\" \/><\/figure>\n\n\n\n<div style=\"height:232px\" aria-hidden=\"true\" class=\"wp-block-spacer\"><\/div>\n\n\n\n<figure class=\"wp-block-image aligncenter size-full is-resized\"><img decoding=\"async\" src=\"https:\/\/youthrisk.org\/newSite\/wp-content\/uploads\/2021\/09\/NMDOH-Logo-Color-1.jpg\" alt=\"\" class=\"wp-image-2180\" style=\"width:205px;height:auto\"\/><\/figure>\n\n\n\n<div style=\"height:50px\" aria-hidden=\"true\" class=\"wp-block-spacer\"><\/div>\n\n\n\n<figure class=\"wp-block-image aligncenter size-full is-resized\"><img decoding=\"async\" src=\"https:\/\/youthrisk.org\/newSite\/wp-content\/uploads\/2021\/09\/nm-ped-logo-356x126-2.png\" alt=\"\" class=\"wp-image-2181\" style=\"width:205px;height:auto\"\/><\/figure>\n\n\n\n<p><br><\/p>\n\n\n\n<p><br><\/p>\n<\/div>\n\n\n\n<div class=\"wp-block-column is-layout-flow wp-block-column-is-layout-flow\"><\/div>\n\n\n\n<div class=\"wp-block-column is-layout-flow wp-block-column-is-layout-flow\" style=\"flex-basis:77%\">\n<h3 class=\"wp-block-heading\">Facultad de Medicina de la UNM<br>Departamento de Pediatr\u00eda                                        <br>Divisi\u00f3n de Prevenci\u00f3n y Ciencias de la Poblaci\u00f3n<\/h3>\n\n\n\n<p class=\"has-text-align-left has-normal-font-size\" style=\"margin-top:0;margin-bottom:0\">Dra. M. Rebecca Kilburn<br>mkilburn@salud.unm.edu<br>505-272-4462<a class=\"gv-tel-link\" title=\"Llama al +1 505-272-4462 a trav\u00e9s de Google Voice\" href=\"http:\/\/voice.google.com\/calls?a=nc,%2B15052724462\" target=\"_blank\" rel=\"noopener\"><\/a><br><br><\/p>\n\n\n\n<div style=\"height:5px\" aria-hidden=\"true\" class=\"wp-block-spacer\"><\/div>\n\n\n\n<h3 class=\"wp-block-heading has-text-align-left\">Departamento de Salud de Nuevo M\u00e9xico<\/h3>\n\n\n\n<p class=\"has-text-align-left has-normal-font-size\" style=\"margin-top:0;margin-bottom:0\">Dra. Jiahua \u201cBella\u201d Yang<br>jiahua.yang@doh.nm.gov<br><\/p>\n\n\n\n<div style=\"height:15px\" aria-hidden=\"true\" class=\"wp-block-spacer\"><\/div>\n\n\n\n<h3 class=\"wp-block-heading has-text-align-left\"><br>Departamento de Educaci\u00f3n P\u00fablica de Nuevo M\u00e9xico<\/h3>\n\n\n\n<p class=\"has-text-align-left has-normal-font-size\" style=\"margin-top:0;margin-bottom:0\">Anne Marlow-Geter<br>Anne.MarlowGeter@state.nm.us<br>505-396-0601<a class=\"gv-tel-link\" title=\"Llama al +1 505-396-0601 a trav\u00e9s de Google Voice\" href=\"http:\/\/voice.google.com\/calls?a=nc,%2B15053960601\" target=\"_blank\" rel=\"noopener\"><\/a><\/p>\n<\/div>\n<\/div>\n\n\n\n<div style=\"height:88px\" aria-hidden=\"true\" class=\"wp-block-spacer\"><\/div>\n\n\n\n<p><\/p>","protected":false},"excerpt":{"rendered":"<p>UNM School of MedicineDepartment of Pediatrics Division of Prevention &amp; Population Sciences Dr. M. Rebecca Kilburnmkilburn@salud.unm.edu505-272-4462 New Mexico Department of Health Dr. Jiahua &#8220;Bella&#8221; Yangjiahua.yang@doh.nm.gov New Mexico Public Education Department Anne Marlow-GeterAnne.MarlowGeter@state.nm.us505-396-0601<\/p>","protected":false},"author":1,"featured_media":0,"parent":0,"menu_order":0,"comment_status":"closed","ping_status":"closed","template":"","meta":{"_eb_attr":"","site-sidebar-layout":"default","site-content-layout":"default","ast-site-content-layout":"default","site-content-style":"default","site-sidebar-style":"default","ast-global-header-display":"","ast-banner-title-visibility":"","ast-main-header-display":"","ast-hfb-above-header-display":"","ast-hfb-below-header-display":"","ast-hfb-mobile-header-display":"","site-post-title":"","ast-breadcrumbs-content":"","ast-featured-img":"","footer-sml-layout":"","theme-transparent-header-meta":"default","adv-header-id-meta":"","stick-header-meta":"","header-above-stick-meta":"","header-main-stick-meta":"","header-below-stick-meta":"","astra-migrate-meta-layouts":"set","ast-page-background-enabled":"default","ast-page-background-meta":{"desktop":{"background-color":"var(--ast-global-color-4)","background-image":"","background-repeat":"repeat","background-position":"center center","background-size":"auto","background-attachment":"scroll","background-type":"","background-media":"","overlay-type":"","overlay-color":"","overlay-opacity":"","overlay-gradient":""},"tablet":{"background-color":"","background-image":"","background-repeat":"repeat","background-position":"center center","background-size":"auto","background-attachment":"scroll","background-type":"","background-media":"","overlay-type":"","overlay-color":"","overlay-opacity":"","overlay-gradient":""},"mobile":{"background-color":"","background-image":"","background-repeat":"repeat","background-position":"center center","background-size":"auto","background-attachment":"scroll","background-type":"","background-media":"","overlay-type":"","overlay-color":"","overlay-opacity":"","overlay-gradient":""}},"ast-content-background-meta":{"desktop":{"background-color":"var(--ast-global-color-5)","background-image":"","background-repeat":"repeat","background-position":"center center","background-size":"auto","background-attachment":"scroll","background-type":"","background-media":"","overlay-type":"","overlay-color":"","overlay-opacity":"","overlay-gradient":""},"tablet":{"background-color":"var(--ast-global-color-5)","background-image":"","background-repeat":"repeat","background-position":"center center","background-size":"auto","background-attachment":"scroll","background-type":"","background-media":"","overlay-type":"","overlay-color":"","overlay-opacity":"","overlay-gradient":""},"mobile":{"background-color":"var(--ast-global-color-5)","background-image":"","background-repeat":"repeat","background-position":"center center","background-size":"auto","background-attachment":"scroll","background-type":"","background-media":"","overlay-type":"","overlay-color":"","overlay-opacity":"","overlay-gradient":""}},"footnotes":""},"categories":[],"tags":[101],"class_list":["post-7","page","type-page","status-publish","hentry","tag-site-page"],"yoast_head":"<!-- This site is optimized with the Yoast SEO plugin v27.4 - https:\/\/yoast.com\/product\/yoast-seo-wordpress\/ -->\n<title>Contact - New Mexico Youth Risk &amp; Resiliency Survey<\/title>\n<meta name=\"robots\" content=\"index, follow, max-snippet:-1, max-image-preview:large, max-video-preview:-1\" \/>\n<link rel=\"canonical\" href=\"https:\/\/youthrisk.org\/es\/contact\/\" \/>\n<meta property=\"og:locale\" content=\"es_MX\" \/>\n<meta property=\"og:type\" content=\"article\" \/>\n<meta property=\"og:title\" content=\"Contact - New Mexico Youth Risk &amp; Resiliency Survey\" \/>\n<meta property=\"og:description\" content=\"UNM School of MedicineDepartment of Pediatrics Division of Prevention &amp; Population Sciences Dr. M. Rebecca Kilburnmkilburn@salud.unm.edu505-272-4462 New Mexico Department of Health Dr. Jiahua &#8220;Bella&#8221; Yangjiahua.yang@doh.nm.gov New Mexico Public Education Department Anne Marlow-GeterAnne.MarlowGeter@state.nm.us505-396-0601\" \/>\n<meta property=\"og:url\" content=\"https:\/\/youthrisk.org\/es\/contact\/\" \/>\n<meta property=\"og:site_name\" content=\"New Mexico Youth Risk &amp; Resiliency Survey\" \/>\n<meta property=\"article:modified_time\" content=\"2025-11-18T18:49:41+00:00\" \/>\n<meta property=\"og:image\" content=\"https:\/\/youthrisk.org\/wp-content\/uploads\/2025\/11\/unm-pps-logo.avif\" \/>\n\t<meta property=\"og:image:width\" content=\"732\" \/>\n\t<meta property=\"og:image:height\" content=\"192\" \/>\n\t<meta property=\"og:image:type\" content=\"image\/png\" \/>\n<meta name=\"twitter:card\" content=\"summary_large_image\" \/>\n<meta name=\"twitter:label1\" content=\"Tiempo de lectura\" \/>\n\t<meta name=\"twitter:data1\" content=\"1 minuto\" \/>\n<script type=\"application\/ld+json\" class=\"yoast-schema-graph\">{\"@context\":\"https:\\\/\\\/schema.org\",\"@graph\":[{\"@type\":\"WebPage\",\"@id\":\"https:\\\/\\\/youthrisk.org\\\/contact\\\/\",\"url\":\"https:\\\/\\\/youthrisk.org\\\/contact\\\/\",\"name\":\"Contact - New Mexico Youth Risk &amp; Resiliency Survey\",\"isPartOf\":{\"@id\":\"https:\\\/\\\/youthrisk.org\\\/#website\"},\"primaryImageOfPage\":{\"@id\":\"https:\\\/\\\/youthrisk.org\\\/contact\\\/#primaryimage\"},\"image\":{\"@id\":\"https:\\\/\\\/youthrisk.org\\\/contact\\\/#primaryimage\"},\"thumbnailUrl\":\"https:\\\/\\\/youthrisk.org\\\/wp-content\\\/uploads\\\/2025\\\/11\\\/unm-pps-logo.avif\",\"datePublished\":\"2021-07-08T22:30:40+00:00\",\"dateModified\":\"2025-11-18T18:49:41+00:00\",\"breadcrumb\":{\"@id\":\"https:\\\/\\\/youthrisk.org\\\/contact\\\/#breadcrumb\"},\"inLanguage\":\"es\",\"potentialAction\":[{\"@type\":\"ReadAction\",\"target\":[\"https:\\\/\\\/youthrisk.org\\\/contact\\\/\"]}]},{\"@type\":\"ImageObject\",\"inLanguage\":\"es\",\"@id\":\"https:\\\/\\\/youthrisk.org\\\/contact\\\/#primaryimage\",\"url\":\"https:\\\/\\\/youthrisk.org\\\/wp-content\\\/uploads\\\/2025\\\/11\\\/unm-pps-logo.avif\",\"contentUrl\":\"https:\\\/\\\/youthrisk.org\\\/wp-content\\\/uploads\\\/2025\\\/11\\\/unm-pps-logo.avif\"},{\"@type\":\"BreadcrumbList\",\"@id\":\"https:\\\/\\\/youthrisk.org\\\/contact\\\/#breadcrumb\",\"itemListElement\":[{\"@type\":\"ListItem\",\"position\":1,\"name\":\"Home\",\"item\":\"https:\\\/\\\/youthrisk.org\\\/\"},{\"@type\":\"ListItem\",\"position\":2,\"name\":\"Contact\"}]},{\"@type\":\"WebSite\",\"@id\":\"https:\\\/\\\/youthrisk.org\\\/#website\",\"url\":\"https:\\\/\\\/youthrisk.org\\\/\",\"name\":\"New Mexico Youth Risk & Resiliency Survey\",\"description\":\"New Mexico Youth Risk &amp; Resiliency Survey\",\"publisher\":{\"@id\":\"https:\\\/\\\/youthrisk.org\\\/#organization\"},\"potentialAction\":[{\"@type\":\"SearchAction\",\"target\":{\"@type\":\"EntryPoint\",\"urlTemplate\":\"https:\\\/\\\/youthrisk.org\\\/?s={search_term_string}\"},\"query-input\":{\"@type\":\"PropertyValueSpecification\",\"valueRequired\":true,\"valueName\":\"search_term_string\"}}],\"inLanguage\":\"es\"},{\"@type\":\"Organization\",\"@id\":\"https:\\\/\\\/youthrisk.org\\\/#organization\",\"name\":\"New Mexico Youth Risk & Resiliency Survey\",\"url\":\"https:\\\/\\\/youthrisk.org\\\/\",\"logo\":{\"@type\":\"ImageObject\",\"inLanguage\":\"es\",\"@id\":\"https:\\\/\\\/youthrisk.org\\\/#\\\/schema\\\/logo\\\/image\\\/\",\"url\":\"https:\\\/\\\/youthrisk.org\\\/wp-content\\\/uploads\\\/2023\\\/04\\\/Asset-7nmyrrsLogo-e1681157016641.png\",\"contentUrl\":\"https:\\\/\\\/youthrisk.org\\\/wp-content\\\/uploads\\\/2023\\\/04\\\/Asset-7nmyrrsLogo-e1681157016641.png\",\"width\":1000,\"height\":261,\"caption\":\"New Mexico Youth Risk & Resiliency Survey\"},\"image\":{\"@id\":\"https:\\\/\\\/youthrisk.org\\\/#\\\/schema\\\/logo\\\/image\\\/\"}}]}<\/script>\n<!-- \/ Yoast SEO plugin. -->","yoast_head_json":{"title":"Contacto - Encuesta sobre riesgos y resiliencia juvenil de Nuevo M\u00e9xico","robots":{"index":"index","follow":"follow","max-snippet":"max-snippet:-1","max-image-preview":"max-image-preview:large","max-video-preview":"max-video-preview:-1"},"canonical":"https:\/\/youthrisk.org\/es\/contact\/","og_locale":"es_MX","og_type":"article","og_title":"Contact - New Mexico Youth Risk &amp; Resiliency Survey","og_description":"UNM School of MedicineDepartment of Pediatrics Division of Prevention &amp; Population Sciences Dr. M. Rebecca Kilburnmkilburn@salud.unm.edu505-272-4462 New Mexico Department of Health Dr. Jiahua &#8220;Bella&#8221; Yangjiahua.yang@doh.nm.gov New Mexico Public Education Department Anne Marlow-GeterAnne.MarlowGeter@state.nm.us505-396-0601","og_url":"https:\/\/youthrisk.org\/es\/contact\/","og_site_name":"New Mexico Youth Risk &amp; Resiliency Survey","article_modified_time":"2025-11-18T18:49:41+00:00","og_image":[{"width":732,"height":192,"url":"https:\/\/youthrisk.org\/wp-content\/uploads\/2025\/11\/unm-pps-logo.avif","type":"image\/png"}],"twitter_card":"summary_large_image","twitter_misc":{"Tiempo de lectura":"1 minuto"},"schema":{"@context":"https:\/\/schema.org","@graph":[{"@type":"WebPage","@id":"https:\/\/youthrisk.org\/contact\/","url":"https:\/\/youthrisk.org\/contact\/","name":"Contacto - Encuesta sobre riesgos y resiliencia juvenil de Nuevo M\u00e9xico","isPartOf":{"@id":"https:\/\/youthrisk.org\/#website"},"primaryImageOfPage":{"@id":"https:\/\/youthrisk.org\/contact\/#primaryimage"},"image":{"@id":"https:\/\/youthrisk.org\/contact\/#primaryimage"},"thumbnailUrl":"https:\/\/youthrisk.org\/wp-content\/uploads\/2025\/11\/unm-pps-logo.avif","datePublished":"2021-07-08T22:30:40+00:00","dateModified":"2025-11-18T18:49:41+00:00","breadcrumb":{"@id":"https:\/\/youthrisk.org\/contact\/#breadcrumb"},"inLanguage":"es","potentialAction":[{"@type":"ReadAction","target":["https:\/\/youthrisk.org\/contact\/"]}]},{"@type":"ImageObject","inLanguage":"es","@id":"https:\/\/youthrisk.org\/contact\/#primaryimage","url":"https:\/\/youthrisk.org\/wp-content\/uploads\/2025\/11\/unm-pps-logo.avif","contentUrl":"https:\/\/youthrisk.org\/wp-content\/uploads\/2025\/11\/unm-pps-logo.avif"},{"@type":"BreadcrumbList","@id":"https:\/\/youthrisk.org\/contact\/#breadcrumb","itemListElement":[{"@type":"ListItem","position":1,"name":"Home","item":"https:\/\/youthrisk.org\/"},{"@type":"ListItem","position":2,"name":"Contact"}]},{"@type":"WebSite","@id":"https:\/\/youthrisk.org\/#website","url":"https:\/\/youthrisk.org\/","name":"Encuesta de resiliencia y riesgo juvenil de Nuevo M\u00e9xico","description":"Encuesta sobre riesgo y resiliencia de los j\u00f3venes de Nuevo M\u00e9xico","publisher":{"@id":"https:\/\/youthrisk.org\/#organization"},"potentialAction":[{"@type":"SearchAction","target":{"@type":"EntryPoint","urlTemplate":"https:\/\/youthrisk.org\/?s={search_term_string}"},"query-input":{"@type":"PropertyValueSpecification","valueRequired":true,"valueName":"search_term_string"}}],"inLanguage":"es"},{"@type":"Organization","@id":"https:\/\/youthrisk.org\/#organization","name":"Encuesta de resiliencia y riesgo juvenil de Nuevo M\u00e9xico","url":"https:\/\/youthrisk.org\/","logo":{"@type":"ImageObject","inLanguage":"es","@id":"https:\/\/youthrisk.org\/#\/schema\/logo\/image\/","url":"https:\/\/youthrisk.org\/wp-content\/uploads\/2023\/04\/Asset-7nmyrrsLogo-e1681157016641.png","contentUrl":"https:\/\/youthrisk.org\/wp-content\/uploads\/2023\/04\/Asset-7nmyrrsLogo-e1681157016641.png","width":1000,"height":261,"caption":"New Mexico Youth Risk & Resiliency Survey"},"image":{"@id":"https:\/\/youthrisk.org\/#\/schema\/logo\/image\/"}}]}},"_links":{"self":[{"href":"https:\/\/youthrisk.org\/es\/wp-json\/wp\/v2\/pages\/7","targetHints":{"allow":["GET"]}}],"collection":[{"href":"https:\/\/youthrisk.org\/es\/wp-json\/wp\/v2\/pages"}],"about":[{"href":"https:\/\/youthrisk.org\/es\/wp-json\/wp\/v2\/types\/page"}],"author":[{"embeddable":true,"href":"https:\/\/youthrisk.org\/es\/wp-json\/wp\/v2\/users\/1"}],"replies":[{"embeddable":true,"href":"https:\/\/youthrisk.org\/es\/wp-json\/wp\/v2\/comments?post=7"}],"version-history":[{"count":10,"href":"https:\/\/youthrisk.org\/es\/wp-json\/wp\/v2\/pages\/7\/revisions"}],"predecessor-version":[{"id":184314,"href":"https:\/\/youthrisk.org\/es\/wp-json\/wp\/v2\/pages\/7\/revisions\/184314"}],"wp:attachment":[{"href":"https:\/\/youthrisk.org\/es\/wp-json\/wp\/v2\/media?parent=7"}],"wp:term":[{"taxonomy":"category","embeddable":true,"href":"https:\/\/youthrisk.org\/es\/wp-json\/wp\/v2\/categories?post=7"},{"taxonomy":"post_tag","embeddable":true,"href":"https:\/\/youthrisk.org\/es\/wp-json\/wp\/v2\/tags?post=7"}],"curies":[{"name":"gracias","href":"https:\/\/api.w.org\/{rel}","templated":true}]}}