{"id":863,"date":"2021-07-24T20:44:37","date_gmt":"2021-07-25T02:44:37","guid":{"rendered":"https:\/\/youthrisk.org\/newSite\/?page_id=863"},"modified":"2025-04-17T09:20:03","modified_gmt":"2025-04-17T15:20:03","slug":"workshops","status":"publish","type":"page","link":"https:\/\/youthrisk.org\/es\/workshops\/","title":{"rendered":"Talleres de trabajo"},"content":{"rendered":"<div style=\"height:55px\" aria-hidden=\"true\" class=\"wp-block-spacer\"><\/div>\n\n\n\n<h1 class=\"wp-block-heading has-black-color has-text-color has-x-large-font-size\">Talleres de trabajo<\/h1>\n\n\n\n<p class=\"has-medium-font-size\">En el a\u00f1o siguiente a la recopilaci\u00f3n de datos, el Equipo de liderazgo de NM-YRRS realiza talleres para compartir los hallazgos de la encuesta. Conocidos como &quot;Roadshows&quot;, porque los talleres sol\u00edan llevarse a cabo en varios lugares del estado, estos talleres ahora se llevan a cabo mediante una combinaci\u00f3n de eventos en persona y seminarios web. Las encuestas se llevan a cabo en el oto\u00f1o de los a\u00f1os impares y los talleres normalmente se llevan a cabo en la primavera y el verano de los a\u00f1os pares.&nbsp; <\/p>\n\n\n\n<h2 class=\"wp-block-heading has-vivid-red-color has-text-color\">\u00a1Es hora de registrarse para Roadshows!<\/h2>\n\n\n\n<p class=\"has-medium-font-size\">Este a\u00f1o, los roadshows sobre temas se realizar\u00e1n virtualmente (a trav\u00e9s de Zoom) a partir de febrero de 2025 y durar\u00e1n hasta la primavera.<\/p>\n\n\n\n<p class=\"has-luminous-vivid-orange-color has-text-color has-link-color has-medium-font-size wp-elements-e6b3d1617ddae22e7f1c9fb46e6f7051\">La fecha l\u00edmite para inscribirse en un roadshow es <strong>12 del mediod\u00eda<\/strong> el d\u00eda en que se programe el roadshow en particular al que te inscribas. Si te inscribes despu\u00e9s de las 12 en punto, no recibir\u00e1s un enlace de Zoom para asistir. <\/p>\n\n\n\n<figure class=\"wp-block-table is-style-stripes\" style=\"padding-top:0;padding-bottom:0;font-size:16px\"><table class=\"has-border-color has-ast-global-color-6-border-color\" style=\"border-width:1px\"><thead><tr><th class=\"has-text-align-left\" data-align=\"left\">Fecha<\/th><th class=\"has-text-align-left\" data-align=\"left\">Tiempo<\/th><th class=\"has-text-align-left\" data-align=\"left\">Sujeto<\/th><\/tr><\/thead><tbody><tr><td class=\"has-text-align-left\" data-align=\"left\">Mi\u00e9rcoles 5 de febrero de 2025<\/td><td class=\"has-text-align-left\" data-align=\"left\">15:00 \u2013 16:30<\/td><td class=\"has-text-align-left\" data-align=\"left\">Resultados estatales de NM-YRRS 2023<\/td><\/tr><tr><td class=\"has-text-align-left\" data-align=\"left\">Mi\u00e9rcoles 19 de febrero de 2025<\/td><td class=\"has-text-align-left\" data-align=\"left\">15:00 \u2013 16:30<\/td><td class=\"has-text-align-left\" data-align=\"left\">Resultados de la YRRS 2023: salud mental<\/td><\/tr><tr><td class=\"has-text-align-left\" data-align=\"left\">Mi\u00e9rcoles 5 de marzo de 2025<\/td><td class=\"has-text-align-left\" data-align=\"left\">15:00 \u2013 16:30<\/td><td class=\"has-text-align-left\" data-align=\"left\">Resultados de YRRS 2023: consumo de sustancias<\/td><\/tr><tr><td class=\"has-text-align-left\" data-align=\"left\">Mi\u00e9rcoles 19 de marzo de 2025<\/td><td class=\"has-text-align-left\" data-align=\"left\">15:00 \u2013 16:30<\/td><td class=\"has-text-align-left\" data-align=\"left\">Resultados de YRRS 2023: lesiones y violencia<\/td><\/tr><tr><td class=\"has-text-align-left\" data-align=\"left\">Mi\u00e9rcoles 2 de abril de 2025<\/td><td class=\"has-text-align-left\" data-align=\"left\">15:00 \u2013 16:30<\/td><td class=\"has-text-align-left\" data-align=\"left\">Resultados de la encuesta YRRS 2023: comportamientos sexuales y salud<\/td><\/tr><tr><td class=\"has-text-align-left\" data-align=\"left\">Mi\u00e9rcoles 30 de abril de 2025<\/td><td class=\"has-text-align-left\" data-align=\"left\">15:00 \u2013 16:30<\/td><td class=\"has-text-align-left\" data-align=\"left\">\u00a1Aqu\u00ed viene el NM-YRRS 2025!<\/td><\/tr><tr><td class=\"has-text-align-left\" data-align=\"left\">Mi\u00e9rcoles 14 de mayo de 2025<\/td><td class=\"has-text-align-left\" data-align=\"left\">15:00 \u2013 16:30<\/td><td class=\"has-text-align-left\" data-align=\"left\">Resultados de YRRS 2023: j\u00f3venes en alto riesgo<\/td><\/tr><\/tbody><\/table><\/figure>\n\n\n\n<div style=\"height:11px\" aria-hidden=\"true\" class=\"wp-block-spacer\"><\/div>\n\n\n\n<p class=\"has-medium-font-size\">Puede asistir a uno, algunos o todos los Roadshows. Para recibir enlaces de Zoom y otros detalles, reg\u00edstrese a continuaci\u00f3n:<\/p>\n\n\n\n<div class=\"wp-block-buttons is-layout-flex wp-block-buttons-is-layout-flex\">\n<div class=\"wp-block-button\"><a class=\"wp-block-button__link has-ast-global-color-5-color has-ast-global-color-7-background-color has-text-color has-background wp-element-button\" href=\"\/es\/You may attend one, some, or all of the Roadshows. To receive Zoom links and other details, please register at: https:\/\/youthrisk.org\/roadshow-registration\/\" style=\"border-radius:10px\" rel=\"https:\/\/youthrisk.org\/roadshow-registration\/\">\u00a1Registro!<\/a><\/div>\n<\/div>\n\n\n\n<div style=\"height:179px\" aria-hidden=\"true\" class=\"wp-block-spacer\"><\/div>\n\n\n\n<p><\/p>","protected":false},"excerpt":{"rendered":"<p>Workshops In the year following data collection, the NM-YRRS Leadership Team conducts workshops to share the findings from the survey.&nbsp; Known as \u201cRoadshows,\u201d because the workshops used to be conducted at various locations around the state, these workshops are now conducted using a combination of in-person events and webinars.&nbsp; The surveys are conducted in the [&hellip;]<\/p>\n","protected":false},"author":1,"featured_media":0,"parent":0,"menu_order":0,"comment_status":"closed","ping_status":"closed","template":"","meta":{"_eb_attr":"","site-sidebar-layout":"default","site-content-layout":"default","ast-site-content-layout":"default","site-content-style":"default","site-sidebar-style":"default","ast-global-header-display":"","ast-banner-title-visibility":"","ast-main-header-display":"","ast-hfb-above-header-display":"","ast-hfb-below-header-display":"","ast-hfb-mobile-header-display":"","site-post-title":"disabled","ast-breadcrumbs-content":"","ast-featured-img":"","footer-sml-layout":"","theme-transparent-header-meta":"default","adv-header-id-meta":"","stick-header-meta":"","header-above-stick-meta":"","header-main-stick-meta":"","header-below-stick-meta":"","astra-migrate-meta-layouts":"set","ast-page-background-enabled":"default","ast-page-background-meta":{"desktop":{"background-color":"var(--ast-global-color-4)","background-image":"","background-repeat":"repeat","background-position":"center center","background-size":"auto","background-attachment":"scroll","background-type":"","background-media":"","overlay-type":"","overlay-color":"","overlay-opacity":"","overlay-gradient":""},"tablet":{"background-color":"","background-image":"","background-repeat":"repeat","background-position":"center center","background-size":"auto","background-attachment":"scroll","background-type":"","background-media":"","overlay-type":"","overlay-color":"","overlay-opacity":"","overlay-gradient":""},"mobile":{"background-color":"","background-image":"","background-repeat":"repeat","background-position":"center center","background-size":"auto","background-attachment":"scroll","background-type":"","background-media":"","overlay-type":"","overlay-color":"","overlay-opacity":"","overlay-gradient":""}},"ast-content-background-meta":{"desktop":{"background-color":"var(--ast-global-color-5)","background-image":"","background-repeat":"repeat","background-position":"center center","background-size":"auto","background-attachment":"scroll","background-type":"","background-media":"","overlay-type":"","overlay-color":"","overlay-opacity":"","overlay-gradient":""},"tablet":{"background-color":"var(--ast-global-color-5)","background-image":"","background-repeat":"repeat","background-position":"center center","background-size":"auto","background-attachment":"scroll","background-type":"","background-media":"","overlay-type":"","overlay-color":"","overlay-opacity":"","overlay-gradient":""},"mobile":{"background-color":"var(--ast-global-color-5)","background-image":"","background-repeat":"repeat","background-position":"center center","background-size":"auto","background-attachment":"scroll","background-type":"","background-media":"","overlay-type":"","overlay-color":"","overlay-opacity":"","overlay-gradient":""}},"footnotes":""},"categories":[],"tags":[101],"class_list":["post-863","page","type-page","status-publish","hentry","tag-site-page"],"yoast_head":"<!-- This site is optimized with the Yoast SEO plugin v27.6 - https:\/\/yoast.com\/product\/yoast-seo-wordpress\/ -->\n<title>Workshops - New Mexico Youth Risk &amp; Resiliency Survey<\/title>\n<meta name=\"robots\" content=\"index, follow, max-snippet:-1, max-image-preview:large, max-video-preview:-1\" \/>\n<link rel=\"canonical\" href=\"https:\/\/youthrisk.org\/es\/workshops\/\" \/>\n<meta property=\"og:locale\" content=\"es_MX\" \/>\n<meta property=\"og:type\" content=\"article\" \/>\n<meta property=\"og:title\" content=\"Workshops - New Mexico Youth Risk &amp; Resiliency Survey\" \/>\n<meta property=\"og:description\" content=\"Workshops In the year following data collection, the NM-YRRS Leadership Team conducts workshops to share the findings from the survey.&nbsp; Known as \u201cRoadshows,\u201d because the workshops used to be conducted at various locations around the state, these workshops are now conducted using a combination of in-person events and webinars.&nbsp; The surveys are conducted in the [&hellip;]\" \/>\n<meta property=\"og:url\" content=\"https:\/\/youthrisk.org\/es\/workshops\/\" \/>\n<meta property=\"og:site_name\" content=\"New Mexico Youth Risk &amp; Resiliency Survey\" \/>\n<meta property=\"article:modified_time\" content=\"2025-04-17T15:20:03+00:00\" \/>\n<meta name=\"twitter:card\" content=\"summary_large_image\" \/>\n<meta name=\"twitter:label1\" content=\"Tiempo de lectura\" \/>\n\t<meta name=\"twitter:data1\" content=\"2 minutos\" \/>\n<script type=\"application\/ld+json\" class=\"yoast-schema-graph\">{\"@context\":\"https:\\\/\\\/schema.org\",\"@graph\":[{\"@type\":\"WebPage\",\"@id\":\"https:\\\/\\\/youthrisk.org\\\/workshops\\\/\",\"url\":\"https:\\\/\\\/youthrisk.org\\\/workshops\\\/\",\"name\":\"Workshops - New Mexico Youth Risk &amp; Resiliency Survey\",\"isPartOf\":{\"@id\":\"https:\\\/\\\/youthrisk.org\\\/#website\"},\"datePublished\":\"2021-07-25T02:44:37+00:00\",\"dateModified\":\"2025-04-17T15:20:03+00:00\",\"breadcrumb\":{\"@id\":\"https:\\\/\\\/youthrisk.org\\\/workshops\\\/#breadcrumb\"},\"inLanguage\":\"es\",\"potentialAction\":[{\"@type\":\"ReadAction\",\"target\":[\"https:\\\/\\\/youthrisk.org\\\/workshops\\\/\"]}]},{\"@type\":\"BreadcrumbList\",\"@id\":\"https:\\\/\\\/youthrisk.org\\\/workshops\\\/#breadcrumb\",\"itemListElement\":[{\"@type\":\"ListItem\",\"position\":1,\"name\":\"Home\",\"item\":\"https:\\\/\\\/youthrisk.org\\\/\"},{\"@type\":\"ListItem\",\"position\":2,\"name\":\"Workshops\"}]},{\"@type\":\"WebSite\",\"@id\":\"https:\\\/\\\/youthrisk.org\\\/#website\",\"url\":\"https:\\\/\\\/youthrisk.org\\\/\",\"name\":\"New Mexico Youth Risk & Resiliency Survey\",\"description\":\"New Mexico Youth Risk &amp; Resiliency Survey\",\"publisher\":{\"@id\":\"https:\\\/\\\/youthrisk.org\\\/#organization\"},\"potentialAction\":[{\"@type\":\"SearchAction\",\"target\":{\"@type\":\"EntryPoint\",\"urlTemplate\":\"https:\\\/\\\/youthrisk.org\\\/?s={search_term_string}\"},\"query-input\":{\"@type\":\"PropertyValueSpecification\",\"valueRequired\":true,\"valueName\":\"search_term_string\"}}],\"inLanguage\":\"es\"},{\"@type\":\"Organization\",\"@id\":\"https:\\\/\\\/youthrisk.org\\\/#organization\",\"name\":\"New Mexico Youth Risk & Resiliency Survey\",\"url\":\"https:\\\/\\\/youthrisk.org\\\/\",\"logo\":{\"@type\":\"ImageObject\",\"inLanguage\":\"es\",\"@id\":\"https:\\\/\\\/youthrisk.org\\\/#\\\/schema\\\/logo\\\/image\\\/\",\"url\":\"https:\\\/\\\/youthrisk.org\\\/wp-content\\\/uploads\\\/2023\\\/04\\\/Asset-7nmyrrsLogo-e1681157016641.png\",\"contentUrl\":\"https:\\\/\\\/youthrisk.org\\\/wp-content\\\/uploads\\\/2023\\\/04\\\/Asset-7nmyrrsLogo-e1681157016641.png\",\"width\":1000,\"height\":261,\"caption\":\"New Mexico Youth Risk & Resiliency Survey\"},\"image\":{\"@id\":\"https:\\\/\\\/youthrisk.org\\\/#\\\/schema\\\/logo\\\/image\\\/\"}}]}<\/script>\n<!-- \/ Yoast SEO plugin. -->","yoast_head_json":{"title":"Talleres - Encuesta sobre riesgos y resiliencia juvenil de Nuevo M\u00e9xico","robots":{"index":"index","follow":"follow","max-snippet":"max-snippet:-1","max-image-preview":"max-image-preview:large","max-video-preview":"max-video-preview:-1"},"canonical":"https:\/\/youthrisk.org\/es\/workshops\/","og_locale":"es_MX","og_type":"article","og_title":"Workshops - New Mexico Youth Risk &amp; Resiliency Survey","og_description":"Workshops In the year following data collection, the NM-YRRS Leadership Team conducts workshops to share the findings from the survey.&nbsp; Known as \u201cRoadshows,\u201d because the workshops used to be conducted at various locations around the state, these workshops are now conducted using a combination of in-person events and webinars.&nbsp; The surveys are conducted in the [&hellip;]","og_url":"https:\/\/youthrisk.org\/es\/workshops\/","og_site_name":"New Mexico Youth Risk &amp; Resiliency Survey","article_modified_time":"2025-04-17T15:20:03+00:00","twitter_card":"summary_large_image","twitter_misc":{"Tiempo de lectura":"2 minutos"},"schema":{"@context":"https:\/\/schema.org","@graph":[{"@type":"WebPage","@id":"https:\/\/youthrisk.org\/workshops\/","url":"https:\/\/youthrisk.org\/workshops\/","name":"Talleres - Encuesta sobre riesgos y resiliencia juvenil de Nuevo M\u00e9xico","isPartOf":{"@id":"https:\/\/youthrisk.org\/#website"},"datePublished":"2021-07-25T02:44:37+00:00","dateModified":"2025-04-17T15:20:03+00:00","breadcrumb":{"@id":"https:\/\/youthrisk.org\/workshops\/#breadcrumb"},"inLanguage":"es","potentialAction":[{"@type":"ReadAction","target":["https:\/\/youthrisk.org\/workshops\/"]}]},{"@type":"BreadcrumbList","@id":"https:\/\/youthrisk.org\/workshops\/#breadcrumb","itemListElement":[{"@type":"ListItem","position":1,"name":"Home","item":"https:\/\/youthrisk.org\/"},{"@type":"ListItem","position":2,"name":"Workshops"}]},{"@type":"WebSite","@id":"https:\/\/youthrisk.org\/#website","url":"https:\/\/youthrisk.org\/","name":"Encuesta de resiliencia y riesgo juvenil de Nuevo M\u00e9xico","description":"Encuesta sobre riesgo y resiliencia de los j\u00f3venes de Nuevo M\u00e9xico","publisher":{"@id":"https:\/\/youthrisk.org\/#organization"},"potentialAction":[{"@type":"SearchAction","target":{"@type":"EntryPoint","urlTemplate":"https:\/\/youthrisk.org\/?s={search_term_string}"},"query-input":{"@type":"PropertyValueSpecification","valueRequired":true,"valueName":"search_term_string"}}],"inLanguage":"es"},{"@type":"Organization","@id":"https:\/\/youthrisk.org\/#organization","name":"Encuesta de resiliencia y riesgo juvenil de Nuevo M\u00e9xico","url":"https:\/\/youthrisk.org\/","logo":{"@type":"ImageObject","inLanguage":"es","@id":"https:\/\/youthrisk.org\/#\/schema\/logo\/image\/","url":"https:\/\/youthrisk.org\/wp-content\/uploads\/2023\/04\/Asset-7nmyrrsLogo-e1681157016641.png","contentUrl":"https:\/\/youthrisk.org\/wp-content\/uploads\/2023\/04\/Asset-7nmyrrsLogo-e1681157016641.png","width":1000,"height":261,"caption":"New Mexico Youth Risk & Resiliency Survey"},"image":{"@id":"https:\/\/youthrisk.org\/#\/schema\/logo\/image\/"}}]}},"_links":{"self":[{"href":"https:\/\/youthrisk.org\/es\/wp-json\/wp\/v2\/pages\/863","targetHints":{"allow":["GET"]}}],"collection":[{"href":"https:\/\/youthrisk.org\/es\/wp-json\/wp\/v2\/pages"}],"about":[{"href":"https:\/\/youthrisk.org\/es\/wp-json\/wp\/v2\/types\/page"}],"author":[{"embeddable":true,"href":"https:\/\/youthrisk.org\/es\/wp-json\/wp\/v2\/users\/1"}],"replies":[{"embeddable":true,"href":"https:\/\/youthrisk.org\/es\/wp-json\/wp\/v2\/comments?post=863"}],"version-history":[{"count":2,"href":"https:\/\/youthrisk.org\/es\/wp-json\/wp\/v2\/pages\/863\/revisions"}],"predecessor-version":[{"id":183601,"href":"https:\/\/youthrisk.org\/es\/wp-json\/wp\/v2\/pages\/863\/revisions\/183601"}],"wp:attachment":[{"href":"https:\/\/youthrisk.org\/es\/wp-json\/wp\/v2\/media?parent=863"}],"wp:term":[{"taxonomy":"category","embeddable":true,"href":"https:\/\/youthrisk.org\/es\/wp-json\/wp\/v2\/categories?post=863"},{"taxonomy":"post_tag","embeddable":true,"href":"https:\/\/youthrisk.org\/es\/wp-json\/wp\/v2\/tags?post=863"}],"curies":[{"name":"gracias","href":"https:\/\/api.w.org\/{rel}","templated":true}]}}